{"id":3391,"date":"2024-05-23T01:34:45","date_gmt":"2024-05-22T23:34:45","guid":{"rendered":"https:\/\/mikamaa.fi\/?page_id=3391"},"modified":"2025-01-07T12:28:22","modified_gmt":"2025-01-07T10:28:22","slug":"tilaus-ja-kayttoehdot","status":"publish","type":"page","link":"https:\/\/mikamaa.fi\/en\/tilaus-ja-kayttoehdot\/","title":{"rendered":"Terms and conditions"},"content":{"rendered":"<div data-elementor-type=\"wp-page\" data-elementor-id=\"3391\" class=\"elementor elementor-3391\">\n\t\t\t\t\t\t<section class=\"elementor-section elementor-top-section elementor-element elementor-element-1zqs4no elementor-section-content-top elementor-section-boxed elementor-section-height-default elementor-section-height-default\" data-id=\"1zqs4no\" data-element_type=\"section\" data-e-type=\"section\" data-settings=\"{&quot;background_background&quot;:&quot;classic&quot;}\">\n\t\t\t\t\t\t\t<div class=\"elementor-background-overlay\"><\/div>\n\t\t\t\t\t\t\t<div class=\"elementor-container elementor-column-gap-no\">\n\t\t\t\t\t<div class=\"elementor-column elementor-col-100 elementor-top-column elementor-element elementor-element-51e9076\" data-id=\"51e9076\" data-element_type=\"column\" data-e-type=\"column\">\n\t\t\t<div class=\"elementor-widget-wrap elementor-element-populated\">\n\t\t\t\t\t\t<div class=\"elementor-element elementor-element-bfa6d99 elementor-widget elementor-widget-heading\" data-id=\"bfa6d99\" data-element_type=\"widget\" data-e-type=\"widget\" data-widget_type=\"heading.default\">\n\t\t\t\t<div class=\"elementor-widget-container\">\n\t\t\t\t\t<h2 class=\"elementor-heading-title elementor-size-default\">Terms and conditions<\/h2>\t\t\t\t<\/div>\n\t\t\t\t<\/div>\n\t\t\t\t<div class=\"elementor-element elementor-element-a75c8ef elementor-widget elementor-widget-text-editor\" data-id=\"a75c8ef\" data-element_type=\"widget\" data-e-type=\"widget\" data-widget_type=\"text-editor.default\">\n\t\t\t\t<div class=\"elementor-widget-container\">\n\t\t\t\t\t\t\t\t\t<p>Contractual terms and conditions of the online store.<\/p>\n<p>Updated 7.1.2025<\/p>\t\t\t\t\t\t\t\t<\/div>\n\t\t\t\t<\/div>\n\t\t\t\t<section class=\"elementor-section elementor-inner-section elementor-element elementor-element-ee4d600 elementor-section-boxed elementor-section-height-default elementor-section-height-default\" data-id=\"ee4d600\" data-element_type=\"section\" data-e-type=\"section\">\n\t\t\t\t\t\t<div class=\"elementor-container elementor-column-gap-default\">\n\t\t\t\t\t<div class=\"elementor-column elementor-col-100 elementor-inner-column elementor-element elementor-element-d6daa70\" data-id=\"d6daa70\" data-element_type=\"column\" data-e-type=\"column\">\n\t\t\t<div class=\"elementor-widget-wrap elementor-element-populated\">\n\t\t\t\t\t\t<div class=\"elementor-element elementor-element-27912c3 elementor-vertical-align-top elementor-widget elementor-widget-image-box\" data-id=\"27912c3\" data-element_type=\"widget\" data-e-type=\"widget\" data-widget_type=\"image-box.default\">\n\t\t\t\t<div class=\"elementor-widget-container\">\n\t\t\t\t\t<div class=\"elementor-image-box-wrapper\"><div class=\"elementor-image-box-content\"><h5 class=\"elementor-image-box-title\">Company contact information<\/h5><p class=\"elementor-image-box-description\">Mik\u00e4maa <br>Business ID: 2906716-1<br>Marjaniementie 2, 90480<br>Hailuoto, Finland<br>contact@mikamaa.fi<br>0504068907<\/p><\/div><\/div>\t\t\t\t<\/div>\n\t\t\t\t<\/div>\n\t\t\t\t<div class=\"elementor-element elementor-element-2ebad54 elementor-vertical-align-top elementor-widget elementor-widget-image-box\" data-id=\"2ebad54\" data-element_type=\"widget\" data-e-type=\"widget\" data-widget_type=\"image-box.default\">\n\t\t\t\t<div class=\"elementor-widget-container\">\n\t\t\t\t\t<div class=\"elementor-image-box-wrapper\"><div class=\"elementor-image-box-content\"><h5 class=\"elementor-image-box-title\">Payment policy<\/h5><p class=\"elementor-image-box-description\">Web shop payment options are PayPal and Paytrail. <br>Mik\u00e4maa is not currently VAT (value added tax) liable, so prices doesn't include VAT.<br><br><b>Paytrail:<\/b><br>Payment Service Provider<br><br>Paytrail Plc acts as a collecting payment service provider and is an authorized Payment Institution. Paytrail Plc will be shown as the recipient on your bank or credit card statement. Paytrail Plc will forward the payment to the merchant. For reclamations, please contact the website the payment was made to.<br><br>Paytrail Plc, Business ID 2122839-7<br>Innova 2<br>Lutakonaukio 7<br>40100 Jyv\u00e4skyl\u00e4<br><a href=\"\/en\/paytrail.com\/kuluttaja\/tietoa-maksamisesta\/\">paytrail.com\/en\/consumer\/information-about-paying<\/a><br><br><b>PayPal:<br><\/b>PayPal payment can be used by singing in to existing PayPal account or without singing in by providing credit- or debit card information on checkout.<br><br><\/p><\/div><\/div>\t\t\t\t<\/div>\n\t\t\t\t<\/div>\n\t\t\t\t<div class=\"elementor-element elementor-element-f9e3301 elementor-vertical-align-top elementor-widget elementor-widget-image-box\" data-id=\"f9e3301\" data-element_type=\"widget\" data-e-type=\"widget\" data-widget_type=\"image-box.default\">\n\t\t\t\t<div class=\"elementor-widget-container\">\n\t\t\t\t\t<div class=\"elementor-image-box-wrapper\"><div class=\"elementor-image-box-content\"><h5 class=\"elementor-image-box-title\">Shipping policy<\/h5><p class=\"elementor-image-box-description\">After completing the online store order and making the payment, the products will be sent within 1-3 business days (excluding backorder and made-to-order products). All flute orders include shipping costs to Finland. Shipping costs abroad are determined based on the delivery address and costs are calculated during checkout. Products are packed carefully and sent via Finnish Post\/Matkahuolto.<\/p><\/div><\/div>\t\t\t\t<\/div>\n\t\t\t\t<\/div>\n\t\t\t\t<div class=\"elementor-element elementor-element-2946abe elementor-vertical-align-top elementor-widget elementor-widget-image-box\" data-id=\"2946abe\" data-element_type=\"widget\" data-e-type=\"widget\" data-widget_type=\"image-box.default\">\n\t\t\t\t<div class=\"elementor-widget-container\">\n\t\t\t\t\t<div class=\"elementor-image-box-wrapper\"><div class=\"elementor-image-box-content\"><h5 class=\"elementor-image-box-title\">Returns and damaged shipments<\/h5><p class=\"elementor-image-box-description\">Always contact us when you are about to return a product and tell the reason for return, so we can manage it together as smooth as possible. Keep on mind that when returning a flute, it needs cleaning, inspection and possibly re-polishing before it can be resold, so we can't guarantee to refund full price of returned flutes. Amount of refund is individually discussed in every case. Returned items must be unused and packed into original packages including everything that was inside the shipment. The customer is responsible to pay shipping charges and other expenses incurred from return. <br><br>Check all products immediately when you pick up the package! If the package or product is damaged during delivery, it is the customer's responsibility to document all damages as soon as they pick up the package and send the photos by email with the order's information. Damaged shipments will be fully compensated if the above-mentioned documentation and communication have been completed immediately after the shipment is picked up. Otherwise, we may not be able to compensate for the damaged product.<br><br>For return contact information see above <b>Company contact information<\/b><\/p><\/div><\/div>\t\t\t\t<\/div>\n\t\t\t\t<\/div>\n\t\t\t\t<div class=\"elementor-element elementor-element-05930ba elementor-vertical-align-top elementor-widget elementor-widget-image-box\" data-id=\"05930ba\" data-element_type=\"widget\" data-e-type=\"widget\" data-widget_type=\"image-box.default\">\n\t\t\t\t<div class=\"elementor-widget-container\">\n\t\t\t\t\t<div class=\"elementor-image-box-wrapper\"><div class=\"elementor-image-box-content\"><h5 class=\"elementor-image-box-title\">\"Made to order\" products<\/h5><p class=\"elementor-image-box-description\">Some of the products in the online store are made to order, which means that the product is not ready in stock at the time of the order. We make the product you bought to order and send it when the product is ready. \"Made to order\" products are paid for in full in our online store before production starts. The production may take 3 to 8 weeks depending on the number of orders from other customers and the time needed for the order. We will inform you about these products with a \"Made to order\" notice separately on the page of each product.<\/p><\/div><\/div>\t\t\t\t<\/div>\n\t\t\t\t<\/div>\n\t\t\t\t<div class=\"elementor-element elementor-element-2d4a86c elementor-vertical-align-top elementor-widget elementor-widget-image-box\" data-id=\"2d4a86c\" data-element_type=\"widget\" data-e-type=\"widget\" data-widget_type=\"image-box.default\">\n\t\t\t\t<div class=\"elementor-widget-container\">\n\t\t\t\t\t<div class=\"elementor-image-box-wrapper\"><div class=\"elementor-image-box-content\"><h5 class=\"elementor-image-box-title\">In stock products<\/h5><p class=\"elementor-image-box-description\">If the product has at least one (1) piece in stock, it means that the product is immediately ready to be shipped. When ordering from \"in stock\" flutes, you can receive your new instrument at home in a few days!<\/p><\/div><\/div>\t\t\t\t<\/div>\n\t\t\t\t<\/div>\n\t\t\t\t\t<\/div>\n\t\t<\/div>\n\t\t\t\t\t<\/div>\n\t\t<\/section>\n\t\t\t\t\t<\/div>\n\t\t<\/div>\n\t\t\t\t\t<\/div>\n\t\t<\/section>\n\t\t\t\t<\/div>","protected":false},"excerpt":{"rendered":"<p>Tilaus- ja k\u00e4ytt\u00f6ehdot Verkkokaupan sopimukselliset ehdot. P\u00e4ivitetty 7.1.2025 Yrityksen tiedot Mik\u00e4maa Y-tunnus: 2906716-1Marjaniementie 2, 90480Hailuoto, Suomicontact@mikamaa.fi0504068907 Maksuehdot Verkkokaupan maksutapavaihtoehdot ovat PayPal tai Paytrail. Mik\u00e4maa ei toistaiseksi kuulu arvonlis\u00e4verovelvollisuuden piiriin, joten hinnat eiv\u00e4t sis\u00e4ll\u00e4 arvonlis\u00e4veroa. Paytrail:Maksupalvelutarjoaja Maksunv\u00e4lityspalvelun toteuttajana ja maksupalveluntarjoajana toimii Paytrail Oyj (2122839-7) yhteisty\u00f6ss\u00e4 suomalaisten pankkien ja luottolaitosten kanssa. Paytrail Oyj n\u00e4kyy maksun saajana tiliotteella [&hellip;]<\/p>\n","protected":false},"author":1,"featured_media":4514,"parent":0,"menu_order":1,"comment_status":"closed","ping_status":"closed","template":"","meta":{"inline_featured_image":false,"site-sidebar-layout":"no-sidebar","site-content-layout":"page-builder","ast-site-content-layout":"full-width-container","site-content-style":"unboxed","site-sidebar-style":"unboxed","ast-global-header-display":"","ast-banner-title-visibility":"","ast-main-header-display":"","ast-hfb-above-header-display":"","ast-hfb-below-header-display":"","ast-hfb-mobile-header-display":"","site-post-title":"disabled","ast-breadcrumbs-content":"","ast-featured-img":"","footer-sml-layout":"","ast-disable-related-posts":"","theme-transparent-header-meta":"disabled","adv-header-id-meta":"","stick-header-meta":"","header-above-stick-meta":"","header-main-stick-meta":"","header-below-stick-meta":"","astra-migrate-meta-layouts":"set","ast-page-background-enabled":"default","ast-page-background-meta":{"desktop":{"background-color":"var(--ast-global-color-4)","background-image":"","background-repeat":"repeat","background-position":"center center","background-size":"auto","background-attachment":"scroll","background-type":"","background-media":"","overlay-type":"","overlay-color":"","overlay-opacity":"","overlay-gradient":""},"tablet":{"background-color":"","background-image":"","background-repeat":"repeat","background-position":"center center","background-size":"auto","background-attachment":"scroll","background-type":"","background-media":"","overlay-type":"","overlay-color":"","overlay-opacity":"","overlay-gradient":""},"mobile":{"background-color":"","background-image":"","background-repeat":"repeat","background-position":"center center","background-size":"auto","background-attachment":"scroll","background-type":"","background-media":"","overlay-type":"","overlay-color":"","overlay-opacity":"","overlay-gradient":""}},"ast-content-background-meta":{"desktop":{"background-color":"var(--ast-global-color-5)","background-image":"","background-repeat":"repeat","background-position":"center center","background-size":"auto","background-attachment":"scroll","background-type":"","background-media":"","overlay-type":"","overlay-color":"","overlay-opacity":"","overlay-gradient":""},"tablet":{"background-color":"var(--ast-global-color-5)","background-image":"","background-repeat":"repeat","background-position":"center center","background-size":"auto","background-attachment":"scroll","background-type":"","background-media":"","overlay-type":"","overlay-color":"","overlay-opacity":"","overlay-gradient":""},"mobile":{"background-color":"var(--ast-global-color-5)","background-image":"","background-repeat":"repeat","background-position":"center center","background-size":"auto","background-attachment":"scroll","background-type":"","background-media":"","overlay-type":"","overlay-color":"","overlay-opacity":"","overlay-gradient":""}},"footnotes":""},"class_list":["post-3391","page","type-page","status-publish","has-post-thumbnail","hentry"],"yoast_head":"<!-- This site is optimized with the Yoast SEO plugin v27.5 - https:\/\/yoast.com\/product\/yoast-seo-wordpress\/ -->\n<title>Tilaus- ja k\u00e4ytt\u00f6ehdot<\/title>\n<meta name=\"description\" content=\"Tilaus- ja k\u00e4ytt\u00f6ehdot. Toimitus, maksutavat ja ehdot. Tutustu meid\u00e4n verkkokaupan tilaus- ja k\u00e4ytt\u00f6ehtoihin.\" \/>\n<meta name=\"robots\" content=\"index, follow, max-snippet:-1, max-image-preview:large, max-video-preview:-1\" \/>\n<link rel=\"canonical\" href=\"https:\/\/mikamaa.fi\/en\/tilaus-ja-kayttoehdot\/\" \/>\n<meta property=\"og:locale\" content=\"en_US\" \/>\n<meta property=\"og:type\" content=\"article\" \/>\n<meta property=\"og:title\" content=\"Tilaus- ja k\u00e4ytt\u00f6ehdot\" \/>\n<meta property=\"og:description\" content=\"Tilaus- ja k\u00e4ytt\u00f6ehdot. Toimitus, maksutavat ja ehdot. Tutustu meid\u00e4n verkkokaupan tilaus- ja k\u00e4ytt\u00f6ehtoihin.\" \/>\n<meta property=\"og:url\" content=\"https:\/\/mikamaa.fi\/en\/tilaus-ja-kayttoehdot\/\" \/>\n<meta property=\"og:site_name\" content=\"www.mikamaa.fi\" \/>\n<meta property=\"article:publisher\" content=\"https:\/\/www.facebook.com\/mikamaaflutes\/\" \/>\n<meta property=\"article:modified_time\" content=\"2025-01-07T10:28:22+00:00\" \/>\n<meta property=\"og:image\" content=\"https:\/\/mikamaa.fi\/wp-content\/uploads\/2024\/05\/Mikamaa.fi_WP_FeaturedImage.jpg\" \/>\n\t<meta property=\"og:image:width\" content=\"1128\" \/>\n\t<meta property=\"og:image:height\" content=\"628\" \/>\n\t<meta property=\"og:image:type\" content=\"image\/jpeg\" \/>\n<meta name=\"twitter:card\" content=\"summary_large_image\" \/>\n<meta name=\"twitter:label1\" content=\"Est. reading time\" \/>\n\t<meta name=\"twitter:data1\" content=\"3 minutes\" \/>\n<script type=\"application\/ld+json\" class=\"yoast-schema-graph\">{\"@context\":\"https:\\\/\\\/schema.org\",\"@graph\":[{\"@type\":\"WebPage\",\"@id\":\"https:\\\/\\\/mikamaa.fi\\\/tilaus-ja-kayttoehdot\\\/\",\"url\":\"https:\\\/\\\/mikamaa.fi\\\/tilaus-ja-kayttoehdot\\\/\",\"name\":\"Tilaus- ja k\u00e4ytt\u00f6ehdot\",\"isPartOf\":{\"@id\":\"https:\\\/\\\/mikamaa.fi\\\/#website\"},\"primaryImageOfPage\":{\"@id\":\"https:\\\/\\\/mikamaa.fi\\\/tilaus-ja-kayttoehdot\\\/#primaryimage\"},\"image\":{\"@id\":\"https:\\\/\\\/mikamaa.fi\\\/tilaus-ja-kayttoehdot\\\/#primaryimage\"},\"thumbnailUrl\":\"https:\\\/\\\/mikamaa.fi\\\/wp-content\\\/uploads\\\/2024\\\/05\\\/Mikamaa.fi_WP_FeaturedImage.jpg\",\"datePublished\":\"2024-05-22T23:34:45+00:00\",\"dateModified\":\"2025-01-07T10:28:22+00:00\",\"description\":\"Tilaus- ja k\u00e4ytt\u00f6ehdot. Toimitus, maksutavat ja ehdot. Tutustu meid\u00e4n verkkokaupan tilaus- ja k\u00e4ytt\u00f6ehtoihin.\",\"breadcrumb\":{\"@id\":\"https:\\\/\\\/mikamaa.fi\\\/tilaus-ja-kayttoehdot\\\/#breadcrumb\"},\"inLanguage\":\"en-US\",\"potentialAction\":[{\"@type\":\"ReadAction\",\"target\":[\"https:\\\/\\\/mikamaa.fi\\\/tilaus-ja-kayttoehdot\\\/\"]}]},{\"@type\":\"ImageObject\",\"inLanguage\":\"en-US\",\"@id\":\"https:\\\/\\\/mikamaa.fi\\\/tilaus-ja-kayttoehdot\\\/#primaryimage\",\"url\":\"https:\\\/\\\/mikamaa.fi\\\/wp-content\\\/uploads\\\/2024\\\/05\\\/Mikamaa.fi_WP_FeaturedImage.jpg\",\"contentUrl\":\"https:\\\/\\\/mikamaa.fi\\\/wp-content\\\/uploads\\\/2024\\\/05\\\/Mikamaa.fi_WP_FeaturedImage.jpg\",\"width\":1128,\"height\":628},{\"@type\":\"BreadcrumbList\",\"@id\":\"https:\\\/\\\/mikamaa.fi\\\/tilaus-ja-kayttoehdot\\\/#breadcrumb\",\"itemListElement\":[{\"@type\":\"ListItem\",\"position\":1,\"name\":\"Home\",\"item\":\"https:\\\/\\\/mikamaa.fi\\\/\"},{\"@type\":\"ListItem\",\"position\":2,\"name\":\"Tilaus- ja k\u00e4ytt\u00f6ehdot\"}]},{\"@type\":\"WebSite\",\"@id\":\"https:\\\/\\\/mikamaa.fi\\\/#website\",\"url\":\"https:\\\/\\\/mikamaa.fi\\\/\",\"name\":\"www.mikamaa.fi\",\"description\":\"Woodwinds &amp; Handcrafts\",\"publisher\":{\"@id\":\"https:\\\/\\\/mikamaa.fi\\\/#organization\"},\"potentialAction\":[{\"@type\":\"SearchAction\",\"target\":{\"@type\":\"EntryPoint\",\"urlTemplate\":\"https:\\\/\\\/mikamaa.fi\\\/?s={search_term_string}\"},\"query-input\":{\"@type\":\"PropertyValueSpecification\",\"valueRequired\":true,\"valueName\":\"search_term_string\"}}],\"inLanguage\":\"en-US\"},{\"@type\":\"Organization\",\"@id\":\"https:\\\/\\\/mikamaa.fi\\\/#organization\",\"name\":\"www.mikamaa.fi\",\"url\":\"https:\\\/\\\/mikamaa.fi\\\/\",\"logo\":{\"@type\":\"ImageObject\",\"inLanguage\":\"en-US\",\"@id\":\"https:\\\/\\\/mikamaa.fi\\\/#\\\/schema\\\/logo\\\/image\\\/\",\"url\":\"https:\\\/\\\/mikamaa.fi\\\/wp-content\\\/uploads\\\/2024\\\/05\\\/MG_9608-scaled.jpg\",\"contentUrl\":\"https:\\\/\\\/mikamaa.fi\\\/wp-content\\\/uploads\\\/2024\\\/05\\\/MG_9608-scaled.jpg\",\"width\":2560,\"height\":2560,\"caption\":\"www.mikamaa.fi\"},\"image\":{\"@id\":\"https:\\\/\\\/mikamaa.fi\\\/#\\\/schema\\\/logo\\\/image\\\/\"},\"sameAs\":[\"https:\\\/\\\/www.facebook.com\\\/mikamaaflutes\\\/\",\"https:\\\/\\\/www.instagram.com\\\/mikamaaflutes\\\/\",\"https:\\\/\\\/www.youtube.com\\\/channel\\\/UC7s-o815hfSp1q_IYa_HigA\",\"https:\\\/\\\/www.tiktok.com\\\/@mikamaaflutes\"]}]}<\/script>\n<!-- \/ Yoast SEO plugin. -->","yoast_head_json":{"title":"Terms and conditions","description":"Tilaus- ja k\u00e4ytt\u00f6ehdot. Toimitus, maksutavat ja ehdot. Tutustu meid\u00e4n verkkokaupan tilaus- ja k\u00e4ytt\u00f6ehtoihin.","robots":{"index":"index","follow":"follow","max-snippet":"max-snippet:-1","max-image-preview":"max-image-preview:large","max-video-preview":"max-video-preview:-1"},"canonical":"https:\/\/mikamaa.fi\/en\/tilaus-ja-kayttoehdot\/","og_locale":"en_US","og_type":"article","og_title":"Tilaus- ja k\u00e4ytt\u00f6ehdot","og_description":"Tilaus- ja k\u00e4ytt\u00f6ehdot. Toimitus, maksutavat ja ehdot. Tutustu meid\u00e4n verkkokaupan tilaus- ja k\u00e4ytt\u00f6ehtoihin.","og_url":"https:\/\/mikamaa.fi\/en\/tilaus-ja-kayttoehdot\/","og_site_name":"www.mikamaa.fi","article_publisher":"https:\/\/www.facebook.com\/mikamaaflutes\/","article_modified_time":"2025-01-07T10:28:22+00:00","og_image":[{"width":1128,"height":628,"url":"https:\/\/mikamaa.fi\/wp-content\/uploads\/2024\/05\/Mikamaa.fi_WP_FeaturedImage.jpg","type":"image\/jpeg"}],"twitter_card":"summary_large_image","twitter_misc":{"Est. reading time":"3 minutes"},"schema":{"@context":"https:\/\/schema.org","@graph":[{"@type":"WebPage","@id":"https:\/\/mikamaa.fi\/tilaus-ja-kayttoehdot\/","url":"https:\/\/mikamaa.fi\/tilaus-ja-kayttoehdot\/","name":"Terms and conditions","isPartOf":{"@id":"https:\/\/mikamaa.fi\/#website"},"primaryImageOfPage":{"@id":"https:\/\/mikamaa.fi\/tilaus-ja-kayttoehdot\/#primaryimage"},"image":{"@id":"https:\/\/mikamaa.fi\/tilaus-ja-kayttoehdot\/#primaryimage"},"thumbnailUrl":"https:\/\/mikamaa.fi\/wp-content\/uploads\/2024\/05\/Mikamaa.fi_WP_FeaturedImage.jpg","datePublished":"2024-05-22T23:34:45+00:00","dateModified":"2025-01-07T10:28:22+00:00","description":"Tilaus- ja k\u00e4ytt\u00f6ehdot. Toimitus, maksutavat ja ehdot. Tutustu meid\u00e4n verkkokaupan tilaus- ja k\u00e4ytt\u00f6ehtoihin.","breadcrumb":{"@id":"https:\/\/mikamaa.fi\/tilaus-ja-kayttoehdot\/#breadcrumb"},"inLanguage":"en-US","potentialAction":[{"@type":"ReadAction","target":["https:\/\/mikamaa.fi\/tilaus-ja-kayttoehdot\/"]}]},{"@type":"ImageObject","inLanguage":"en-US","@id":"https:\/\/mikamaa.fi\/tilaus-ja-kayttoehdot\/#primaryimage","url":"https:\/\/mikamaa.fi\/wp-content\/uploads\/2024\/05\/Mikamaa.fi_WP_FeaturedImage.jpg","contentUrl":"https:\/\/mikamaa.fi\/wp-content\/uploads\/2024\/05\/Mikamaa.fi_WP_FeaturedImage.jpg","width":1128,"height":628},{"@type":"BreadcrumbList","@id":"https:\/\/mikamaa.fi\/tilaus-ja-kayttoehdot\/#breadcrumb","itemListElement":[{"@type":"ListItem","position":1,"name":"Home","item":"https:\/\/mikamaa.fi\/"},{"@type":"ListItem","position":2,"name":"Tilaus- ja k\u00e4ytt\u00f6ehdot"}]},{"@type":"WebSite","@id":"https:\/\/mikamaa.fi\/#website","url":"https:\/\/mikamaa.fi\/","name":"www.mikamaa.fi","description":"Woodwinds &amp; Handcrafts","publisher":{"@id":"https:\/\/mikamaa.fi\/#organization"},"potentialAction":[{"@type":"SearchAction","target":{"@type":"EntryPoint","urlTemplate":"https:\/\/mikamaa.fi\/?s={search_term_string}"},"query-input":{"@type":"PropertyValueSpecification","valueRequired":true,"valueName":"search_term_string"}}],"inLanguage":"en-US"},{"@type":"Organization","@id":"https:\/\/mikamaa.fi\/#organization","name":"www.mikamaa.fi","url":"https:\/\/mikamaa.fi\/","logo":{"@type":"ImageObject","inLanguage":"en-US","@id":"https:\/\/mikamaa.fi\/#\/schema\/logo\/image\/","url":"https:\/\/mikamaa.fi\/wp-content\/uploads\/2024\/05\/MG_9608-scaled.jpg","contentUrl":"https:\/\/mikamaa.fi\/wp-content\/uploads\/2024\/05\/MG_9608-scaled.jpg","width":2560,"height":2560,"caption":"www.mikamaa.fi"},"image":{"@id":"https:\/\/mikamaa.fi\/#\/schema\/logo\/image\/"},"sameAs":["https:\/\/www.facebook.com\/mikamaaflutes\/","https:\/\/www.instagram.com\/mikamaaflutes\/","https:\/\/www.youtube.com\/channel\/UC7s-o815hfSp1q_IYa_HigA","https:\/\/www.tiktok.com\/@mikamaaflutes"]}]}},"_links":{"self":[{"href":"https:\/\/mikamaa.fi\/en\/wp-json\/wp\/v2\/pages\/3391","targetHints":{"allow":["GET"]}}],"collection":[{"href":"https:\/\/mikamaa.fi\/en\/wp-json\/wp\/v2\/pages"}],"about":[{"href":"https:\/\/mikamaa.fi\/en\/wp-json\/wp\/v2\/types\/page"}],"author":[{"embeddable":true,"href":"https:\/\/mikamaa.fi\/en\/wp-json\/wp\/v2\/users\/1"}],"replies":[{"embeddable":true,"href":"https:\/\/mikamaa.fi\/en\/wp-json\/wp\/v2\/comments?post=3391"}],"version-history":[{"count":106,"href":"https:\/\/mikamaa.fi\/en\/wp-json\/wp\/v2\/pages\/3391\/revisions"}],"predecessor-version":[{"id":5493,"href":"https:\/\/mikamaa.fi\/en\/wp-json\/wp\/v2\/pages\/3391\/revisions\/5493"}],"wp:featuredmedia":[{"embeddable":true,"href":"https:\/\/mikamaa.fi\/en\/wp-json\/wp\/v2\/media\/4514"}],"wp:attachment":[{"href":"https:\/\/mikamaa.fi\/en\/wp-json\/wp\/v2\/media?parent=3391"}],"curies":[{"name":"wp","href":"https:\/\/api.w.org\/{rel}","templated":true}]}}