{"id":3414,"date":"2024-05-23T02:06:28","date_gmt":"2024-05-23T00:06:28","guid":{"rendered":"https:\/\/mikamaa.fi\/?page_id=3414"},"modified":"2024-05-29T15:29:04","modified_gmt":"2024-05-29T13:29:04","slug":"tietosuojaseloste","status":"publish","type":"page","link":"https:\/\/mikamaa.fi\/en\/tietosuojaseloste\/","title":{"rendered":"Privacy policy"},"content":{"rendered":"<div data-elementor-type=\"wp-page\" data-elementor-id=\"3414\" class=\"elementor elementor-3414\">\n\t\t\t\t\t\t<section class=\"elementor-section elementor-top-section elementor-element elementor-element-e7269b7 elementor-section-content-top elementor-section-boxed elementor-section-height-default elementor-section-height-default\" data-id=\"e7269b7\" data-element_type=\"section\" data-e-type=\"section\" data-settings=\"{&quot;background_background&quot;:&quot;classic&quot;}\">\n\t\t\t\t\t\t\t<div class=\"elementor-background-overlay\"><\/div>\n\t\t\t\t\t\t\t<div class=\"elementor-container elementor-column-gap-no\">\n\t\t\t\t\t<div class=\"elementor-column elementor-col-100 elementor-top-column elementor-element elementor-element-20bc0d9\" data-id=\"20bc0d9\" data-element_type=\"column\" data-e-type=\"column\">\n\t\t\t<div class=\"elementor-widget-wrap elementor-element-populated\">\n\t\t\t\t\t\t<div class=\"elementor-element elementor-element-00852ea elementor-widget elementor-widget-heading\" data-id=\"00852ea\" data-element_type=\"widget\" data-e-type=\"widget\" data-widget_type=\"heading.default\">\n\t\t\t\t<div class=\"elementor-widget-container\">\n\t\t\t\t\t<h2 class=\"elementor-heading-title elementor-size-default\">Privacy policy<\/h2>\t\t\t\t<\/div>\n\t\t\t\t<\/div>\n\t\t\t\t<div class=\"elementor-element elementor-element-4ecea8a elementor-widget elementor-widget-text-editor\" data-id=\"4ecea8a\" data-element_type=\"widget\" data-e-type=\"widget\" data-widget_type=\"text-editor.default\">\n\t\t\t\t<div class=\"elementor-widget-container\">\n\t\t\t\t\t\t\t\t\t<p>Register statement in accordance with \u00a7 10 and \u00a7 24 of the Personal Data Act (523\/1999).<\/p><p>Prepared on May 23, 2024<\/p>\t\t\t\t\t\t\t\t<\/div>\n\t\t\t\t<\/div>\n\t\t\t\t<section class=\"elementor-section elementor-inner-section elementor-element elementor-element-23c326d elementor-section-boxed elementor-section-height-default elementor-section-height-default\" data-id=\"23c326d\" data-element_type=\"section\" data-e-type=\"section\">\n\t\t\t\t\t\t<div class=\"elementor-container elementor-column-gap-default\">\n\t\t\t\t\t<div class=\"elementor-column elementor-col-100 elementor-inner-column elementor-element elementor-element-94887df\" data-id=\"94887df\" data-element_type=\"column\" data-e-type=\"column\">\n\t\t\t<div class=\"elementor-widget-wrap elementor-element-populated\">\n\t\t\t\t\t\t<div class=\"elementor-element elementor-element-fa9a026 elementor-vertical-align-top elementor-widget elementor-widget-image-box\" data-id=\"fa9a026\" data-element_type=\"widget\" data-e-type=\"widget\" data-widget_type=\"image-box.default\">\n\t\t\t\t<div class=\"elementor-widget-container\">\n\t\t\t\t\t<div class=\"elementor-image-box-wrapper\"><div class=\"elementor-image-box-content\"><h5 class=\"elementor-image-box-title\">Registry keeper<\/h5><\/div><\/div>\t\t\t\t<\/div>\n\t\t\t\t<\/div>\n\t\t\t\t<div class=\"elementor-element elementor-element-bf4368a elementor-widget elementor-widget-text-editor\" data-id=\"bf4368a\" data-element_type=\"widget\" data-e-type=\"widget\" data-widget_type=\"text-editor.default\">\n\t\t\t\t<div class=\"elementor-widget-container\">\n\t\t\t\t\t\t\t\t\t<p>Mik\u00e4maa<\/p><p>Business ID: 2906716-1<\/p><p>Marjaniementie 2<\/p><p>90480\u00a0<span style=\"font-style: inherit; font-weight: inherit;\">Hailuoto, Finland<\/span><\/p><p>contact@mikamaa.fi<\/p><p>\u00a0<\/p><p>For matters concerning the personal data register, please contact us by e-mail.<\/p>\t\t\t\t\t\t\t\t<\/div>\n\t\t\t\t<\/div>\n\t\t\t\t<div class=\"elementor-element elementor-element-839529e elementor-vertical-align-top elementor-widget elementor-widget-image-box\" data-id=\"839529e\" data-element_type=\"widget\" data-e-type=\"widget\" data-widget_type=\"image-box.default\">\n\t\t\t\t<div class=\"elementor-widget-container\">\n\t\t\t\t\t<div class=\"elementor-image-box-wrapper\"><div class=\"elementor-image-box-content\"><h5 class=\"elementor-image-box-title\">Purpose of the register<\/h5><p class=\"elementor-image-box-description\">The register is only used for the company's own necessary operational purposes, such as maintaining customer relations and keeping in touch and handling online store orders. Personal information is processed within the limits allowed and required by the Personal Data Act. As a rule, the data is processed as long as the customership is valid. After the end of the customer relationship, the storage period depends on the information and its intended use. Information can be deleted at the person's request or due to the end of the customer relationship.<\/p><\/div><\/div>\t\t\t\t<\/div>\n\t\t\t\t<\/div>\n\t\t\t\t<div class=\"elementor-element elementor-element-b50fa6c elementor-vertical-align-top elementor-widget elementor-widget-image-box\" data-id=\"b50fa6c\" data-element_type=\"widget\" data-e-type=\"widget\" data-widget_type=\"image-box.default\">\n\t\t\t\t<div class=\"elementor-widget-container\">\n\t\t\t\t\t<div class=\"elementor-image-box-wrapper\"><div class=\"elementor-image-box-content\"><h5 class=\"elementor-image-box-title\">Personal information to be stored in the register<\/h5><p class=\"elementor-image-box-description\">The register collects personal data about, for example, the connection of an online store order, filling out forms and using the site. The register can contain, for example, the following information: name, address, phone number, email address, location, IP address, payment information, marketing message permissions, product reviews, site browsing and usage data, purchase history, marketing cookies.<\/p><\/div><\/div>\t\t\t\t<\/div>\n\t\t\t\t<\/div>\n\t\t\t\t<div class=\"elementor-element elementor-element-434e82b elementor-vertical-align-top elementor-widget elementor-widget-image-box\" data-id=\"434e82b\" data-element_type=\"widget\" data-e-type=\"widget\" data-widget_type=\"image-box.default\">\n\t\t\t\t<div class=\"elementor-widget-container\">\n\t\t\t\t\t<div class=\"elementor-image-box-wrapper\"><div class=\"elementor-image-box-content\"><h5 class=\"elementor-image-box-title\">Cookies<\/h5><p class=\"elementor-image-box-description\">Cookies are small text files sent from a website that your browser can store on the hard drive of your computer or other device. The information stored in it can be returned to our servers or to the servers of relevant third parties on the next visit. Technically necessary and functional cookies are required. They ensure that certain parts of the website work correctly and that the user settings are kept. By setting up functional cookies, we make it easier to visit our website. This way you don't have to enter the same information again when visiting our website, for example. Marketing and tracking cookies are optional, the user can either accept or decline them. We notify you about cookies with a pop-up window when you arrive on our website. You can change these voluntary cookie settings at any time on our website.<\/p><\/div><\/div>\t\t\t\t<\/div>\n\t\t\t\t<\/div>\n\t\t\t\t<div class=\"elementor-element elementor-element-bc2adb3 elementor-vertical-align-top elementor-widget elementor-widget-image-box\" data-id=\"bc2adb3\" data-element_type=\"widget\" data-e-type=\"widget\" data-widget_type=\"image-box.default\">\n\t\t\t\t<div class=\"elementor-widget-container\">\n\t\t\t\t\t<div class=\"elementor-image-box-wrapper\"><div class=\"elementor-image-box-content\"><h5 class=\"elementor-image-box-title\">Data sources of the register and data disclosure<\/h5><p class=\"elementor-image-box-description\">As a rule, the source of information are website users themselves. The registered person's information can also be collected and updated from the trade register and other similar public and private registers. The personal data collected in the register will not be disclosed to outside parties, except when required by Finnish authorities. Analytics information such as IP address and marketing cookies can be shared with third parties separately from other personal information.<\/p><\/div><\/div>\t\t\t\t<\/div>\n\t\t\t\t<\/div>\n\t\t\t\t<div class=\"elementor-element elementor-element-5678dfe elementor-vertical-align-top elementor-widget elementor-widget-image-box\" data-id=\"5678dfe\" data-element_type=\"widget\" data-e-type=\"widget\" data-widget_type=\"image-box.default\">\n\t\t\t\t<div class=\"elementor-widget-container\">\n\t\t\t\t\t<div class=\"elementor-image-box-wrapper\"><div class=\"elementor-image-box-content\"><h5 class=\"elementor-image-box-title\">Register protection<\/h5><p class=\"elementor-image-box-description\">All traffic on the site goes through encrypted connections, which guarantees secure processing of personal information. The register is stored and protected in such a way that unauthorized parties cannot access the register information. The electronic register meets the requirements of the EU data protection regulation in terms of data security. Only the registry keeper has access to the information.<\/p><\/div><\/div>\t\t\t\t<\/div>\n\t\t\t\t<\/div>\n\t\t\t\t<div class=\"elementor-element elementor-element-00f5b85 elementor-vertical-align-top elementor-widget elementor-widget-image-box\" data-id=\"00f5b85\" data-element_type=\"widget\" data-e-type=\"widget\" data-widget_type=\"image-box.default\">\n\t\t\t\t<div class=\"elementor-widget-container\">\n\t\t\t\t\t<div class=\"elementor-image-box-wrapper\"><div class=\"elementor-image-box-content\"><h5 class=\"elementor-image-box-title\">Right of inspection, prohibition and correction<\/h5><p class=\"elementor-image-box-description\">The registered person has the right to inspect, correct, and delete their information in the register. The registered person must submit a request to the registry keeper for using the above-mentioned right. The registry keeper may ask the registrant to specify their request in writing and to verify the registrant's identity before processing the request. For matters concerning the personal data register, please contact contact@mikamaa.fi.<\/p><\/div><\/div>\t\t\t\t<\/div>\n\t\t\t\t<\/div>\n\t\t\t\t\t<\/div>\n\t\t<\/div>\n\t\t\t\t\t<\/div>\n\t\t<\/section>\n\t\t\t\t\t<\/div>\n\t\t<\/div>\n\t\t\t\t\t<\/div>\n\t\t<\/section>\n\t\t\t\t<\/div>","protected":false},"excerpt":{"rendered":"<p>Tietosuojaseloste Henkil\u00f6tietolain (523\/1999) 10\u00a7:n ja 24\u00a7:n mukainen rekisteriseloste. Laadittu 23.5.2024 Rekisterinpit\u00e4j\u00e4 Mik\u00e4maa Y-tunnus: 2906716-1 Marjaniementie 2 90480\u00a0Hailuoto, Suomi contact@mikamaa.fi \u00a0 Henkil\u00f6tietorekisteri\u00e4 koskevissa asioissa ole yhteydess\u00e4 s\u00e4hk\u00f6postilla. Rekisterin k\u00e4ytt\u00f6tarkoitus Rekisteri\u00e4 k\u00e4ytet\u00e4\u00e4n vain yrityksen omiin v\u00e4ltt\u00e4m\u00e4tt\u00f6miin toiminnallisiin tarkoituksiin, kuten asiakassuhteiden yll\u00e4pitoon sek\u00e4 yhteydenpitoon ja verkkokauppatilausten hoitamiseen. Henkil\u00f6tietoja k\u00e4sitell\u00e4\u00e4n henkil\u00f6tietolain sallimissa ja edellytt\u00e4miss\u00e4 rajoissa. Tietoja k\u00e4sitell\u00e4\u00e4n p\u00e4\u00e4s\u00e4\u00e4nt\u00f6isesti niin [&hellip;]<\/p>\n","protected":false},"author":1,"featured_media":4514,"parent":0,"menu_order":0,"comment_status":"closed","ping_status":"closed","template":"","meta":{"inline_featured_image":false,"site-sidebar-layout":"no-sidebar","site-content-layout":"page-builder","ast-site-content-layout":"full-width-container","site-content-style":"default","site-sidebar-style":"default","ast-global-header-display":"","ast-banner-title-visibility":"","ast-main-header-display":"","ast-hfb-above-header-display":"","ast-hfb-below-header-display":"","ast-hfb-mobile-header-display":"","site-post-title":"disabled","ast-breadcrumbs-content":"","ast-featured-img":"","footer-sml-layout":"","ast-disable-related-posts":"","theme-transparent-header-meta":"disabled","adv-header-id-meta":"","stick-header-meta":"","header-above-stick-meta":"","header-main-stick-meta":"","header-below-stick-meta":"","astra-migrate-meta-layouts":"set","ast-page-background-enabled":"default","ast-page-background-meta":{"desktop":{"background-color":"var(--ast-global-color-4)","background-image":"","background-repeat":"repeat","background-position":"center center","background-size":"auto","background-attachment":"scroll","background-type":"","background-media":"","overlay-type":"","overlay-color":"","overlay-opacity":"","overlay-gradient":""},"tablet":{"background-color":"","background-image":"","background-repeat":"repeat","background-position":"center center","background-size":"auto","background-attachment":"scroll","background-type":"","background-media":"","overlay-type":"","overlay-color":"","overlay-opacity":"","overlay-gradient":""},"mobile":{"background-color":"","background-image":"","background-repeat":"repeat","background-position":"center center","background-size":"auto","background-attachment":"scroll","background-type":"","background-media":"","overlay-type":"","overlay-color":"","overlay-opacity":"","overlay-gradient":""}},"ast-content-background-meta":{"desktop":{"background-color":"var(--ast-global-color-5)","background-image":"","background-repeat":"repeat","background-position":"center center","background-size":"auto","background-attachment":"scroll","background-type":"","background-media":"","overlay-type":"","overlay-color":"","overlay-opacity":"","overlay-gradient":""},"tablet":{"background-color":"var(--ast-global-color-5)","background-image":"","background-repeat":"repeat","background-position":"center center","background-size":"auto","background-attachment":"scroll","background-type":"","background-media":"","overlay-type":"","overlay-color":"","overlay-opacity":"","overlay-gradient":""},"mobile":{"background-color":"var(--ast-global-color-5)","background-image":"","background-repeat":"repeat","background-position":"center center","background-size":"auto","background-attachment":"scroll","background-type":"","background-media":"","overlay-type":"","overlay-color":"","overlay-opacity":"","overlay-gradient":""}},"footnotes":""},"class_list":["post-3414","page","type-page","status-publish","has-post-thumbnail","hentry"],"yoast_head":"<!-- This site is optimized with the Yoast SEO plugin v27.4 - https:\/\/yoast.com\/product\/yoast-seo-wordpress\/ -->\n<title>Tietosuojaseloste<\/title>\n<meta name=\"description\" content=\"Tietosuojaseloste. Tutustu meid\u00e4n tietosuojak\u00e4yt\u00e4nt\u00f6ihin. Henkil\u00f6tietolain (523\/1999) 10\u00a7:n ja 24\u00a7:n mukainen rekisteriseloste.\" \/>\n<meta name=\"robots\" content=\"index, follow, max-snippet:-1, max-image-preview:large, max-video-preview:-1\" \/>\n<link rel=\"canonical\" href=\"https:\/\/mikamaa.fi\/en\/tietosuojaseloste\/\" \/>\n<meta property=\"og:locale\" content=\"en_US\" \/>\n<meta property=\"og:type\" content=\"article\" \/>\n<meta property=\"og:title\" content=\"Tietosuojaseloste\" \/>\n<meta property=\"og:description\" content=\"Tietosuojaseloste. Tutustu meid\u00e4n tietosuojak\u00e4yt\u00e4nt\u00f6ihin. Henkil\u00f6tietolain (523\/1999) 10\u00a7:n ja 24\u00a7:n mukainen rekisteriseloste.\" \/>\n<meta property=\"og:url\" content=\"https:\/\/mikamaa.fi\/en\/tietosuojaseloste\/\" \/>\n<meta property=\"og:site_name\" content=\"www.mikamaa.fi\" \/>\n<meta property=\"article:publisher\" content=\"https:\/\/www.facebook.com\/mikamaaflutes\/\" \/>\n<meta property=\"article:modified_time\" content=\"2024-05-29T13:29:04+00:00\" \/>\n<meta property=\"og:image\" content=\"https:\/\/mikamaa.fi\/wp-content\/uploads\/2024\/05\/Mikamaa.fi_WP_FeaturedImage.jpg\" \/>\n\t<meta property=\"og:image:width\" content=\"1128\" \/>\n\t<meta property=\"og:image:height\" content=\"628\" \/>\n\t<meta property=\"og:image:type\" content=\"image\/jpeg\" \/>\n<meta name=\"twitter:card\" content=\"summary_large_image\" \/>\n<meta name=\"twitter:label1\" content=\"Est. reading time\" \/>\n\t<meta name=\"twitter:data1\" content=\"3 minutes\" \/>\n<script type=\"application\/ld+json\" class=\"yoast-schema-graph\">{\"@context\":\"https:\\\/\\\/schema.org\",\"@graph\":[{\"@type\":\"WebPage\",\"@id\":\"https:\\\/\\\/mikamaa.fi\\\/tietosuojaseloste\\\/\",\"url\":\"https:\\\/\\\/mikamaa.fi\\\/tietosuojaseloste\\\/\",\"name\":\"Tietosuojaseloste\",\"isPartOf\":{\"@id\":\"https:\\\/\\\/mikamaa.fi\\\/#website\"},\"primaryImageOfPage\":{\"@id\":\"https:\\\/\\\/mikamaa.fi\\\/tietosuojaseloste\\\/#primaryimage\"},\"image\":{\"@id\":\"https:\\\/\\\/mikamaa.fi\\\/tietosuojaseloste\\\/#primaryimage\"},\"thumbnailUrl\":\"https:\\\/\\\/mikamaa.fi\\\/wp-content\\\/uploads\\\/2024\\\/05\\\/Mikamaa.fi_WP_FeaturedImage.jpg\",\"datePublished\":\"2024-05-23T00:06:28+00:00\",\"dateModified\":\"2024-05-29T13:29:04+00:00\",\"description\":\"Tietosuojaseloste. Tutustu meid\u00e4n tietosuojak\u00e4yt\u00e4nt\u00f6ihin. Henkil\u00f6tietolain (523\\\/1999) 10\u00a7:n ja 24\u00a7:n mukainen rekisteriseloste.\",\"breadcrumb\":{\"@id\":\"https:\\\/\\\/mikamaa.fi\\\/tietosuojaseloste\\\/#breadcrumb\"},\"inLanguage\":\"en-US\",\"potentialAction\":[{\"@type\":\"ReadAction\",\"target\":[\"https:\\\/\\\/mikamaa.fi\\\/tietosuojaseloste\\\/\"]}]},{\"@type\":\"ImageObject\",\"inLanguage\":\"en-US\",\"@id\":\"https:\\\/\\\/mikamaa.fi\\\/tietosuojaseloste\\\/#primaryimage\",\"url\":\"https:\\\/\\\/mikamaa.fi\\\/wp-content\\\/uploads\\\/2024\\\/05\\\/Mikamaa.fi_WP_FeaturedImage.jpg\",\"contentUrl\":\"https:\\\/\\\/mikamaa.fi\\\/wp-content\\\/uploads\\\/2024\\\/05\\\/Mikamaa.fi_WP_FeaturedImage.jpg\",\"width\":1128,\"height\":628},{\"@type\":\"BreadcrumbList\",\"@id\":\"https:\\\/\\\/mikamaa.fi\\\/tietosuojaseloste\\\/#breadcrumb\",\"itemListElement\":[{\"@type\":\"ListItem\",\"position\":1,\"name\":\"Home\",\"item\":\"https:\\\/\\\/mikamaa.fi\\\/\"},{\"@type\":\"ListItem\",\"position\":2,\"name\":\"Tietosuojaseloste\"}]},{\"@type\":\"WebSite\",\"@id\":\"https:\\\/\\\/mikamaa.fi\\\/#website\",\"url\":\"https:\\\/\\\/mikamaa.fi\\\/\",\"name\":\"www.mikamaa.fi\",\"description\":\"Woodwinds &amp; Handcrafts\",\"publisher\":{\"@id\":\"https:\\\/\\\/mikamaa.fi\\\/#organization\"},\"potentialAction\":[{\"@type\":\"SearchAction\",\"target\":{\"@type\":\"EntryPoint\",\"urlTemplate\":\"https:\\\/\\\/mikamaa.fi\\\/?s={search_term_string}\"},\"query-input\":{\"@type\":\"PropertyValueSpecification\",\"valueRequired\":true,\"valueName\":\"search_term_string\"}}],\"inLanguage\":\"en-US\"},{\"@type\":\"Organization\",\"@id\":\"https:\\\/\\\/mikamaa.fi\\\/#organization\",\"name\":\"www.mikamaa.fi\",\"url\":\"https:\\\/\\\/mikamaa.fi\\\/\",\"logo\":{\"@type\":\"ImageObject\",\"inLanguage\":\"en-US\",\"@id\":\"https:\\\/\\\/mikamaa.fi\\\/#\\\/schema\\\/logo\\\/image\\\/\",\"url\":\"https:\\\/\\\/mikamaa.fi\\\/wp-content\\\/uploads\\\/2024\\\/05\\\/MG_9608-scaled.jpg\",\"contentUrl\":\"https:\\\/\\\/mikamaa.fi\\\/wp-content\\\/uploads\\\/2024\\\/05\\\/MG_9608-scaled.jpg\",\"width\":2560,\"height\":2560,\"caption\":\"www.mikamaa.fi\"},\"image\":{\"@id\":\"https:\\\/\\\/mikamaa.fi\\\/#\\\/schema\\\/logo\\\/image\\\/\"},\"sameAs\":[\"https:\\\/\\\/www.facebook.com\\\/mikamaaflutes\\\/\",\"https:\\\/\\\/www.instagram.com\\\/mikamaaflutes\\\/\",\"https:\\\/\\\/www.youtube.com\\\/channel\\\/UC7s-o815hfSp1q_IYa_HigA\",\"https:\\\/\\\/www.tiktok.com\\\/@mikamaaflutes\"]}]}<\/script>\n<!-- \/ Yoast SEO plugin. -->","yoast_head_json":{"title":"Privacy policy","description":"Tietosuojaseloste. Tutustu meid\u00e4n tietosuojak\u00e4yt\u00e4nt\u00f6ihin. Henkil\u00f6tietolain (523\/1999) 10\u00a7:n ja 24\u00a7:n mukainen rekisteriseloste.","robots":{"index":"index","follow":"follow","max-snippet":"max-snippet:-1","max-image-preview":"max-image-preview:large","max-video-preview":"max-video-preview:-1"},"canonical":"https:\/\/mikamaa.fi\/en\/tietosuojaseloste\/","og_locale":"en_US","og_type":"article","og_title":"Tietosuojaseloste","og_description":"Tietosuojaseloste. Tutustu meid\u00e4n tietosuojak\u00e4yt\u00e4nt\u00f6ihin. Henkil\u00f6tietolain (523\/1999) 10\u00a7:n ja 24\u00a7:n mukainen rekisteriseloste.","og_url":"https:\/\/mikamaa.fi\/en\/tietosuojaseloste\/","og_site_name":"www.mikamaa.fi","article_publisher":"https:\/\/www.facebook.com\/mikamaaflutes\/","article_modified_time":"2024-05-29T13:29:04+00:00","og_image":[{"width":1128,"height":628,"url":"https:\/\/mikamaa.fi\/wp-content\/uploads\/2024\/05\/Mikamaa.fi_WP_FeaturedImage.jpg","type":"image\/jpeg"}],"twitter_card":"summary_large_image","twitter_misc":{"Est. reading time":"3 minutes"},"schema":{"@context":"https:\/\/schema.org","@graph":[{"@type":"WebPage","@id":"https:\/\/mikamaa.fi\/tietosuojaseloste\/","url":"https:\/\/mikamaa.fi\/tietosuojaseloste\/","name":"Privacy policy","isPartOf":{"@id":"https:\/\/mikamaa.fi\/#website"},"primaryImageOfPage":{"@id":"https:\/\/mikamaa.fi\/tietosuojaseloste\/#primaryimage"},"image":{"@id":"https:\/\/mikamaa.fi\/tietosuojaseloste\/#primaryimage"},"thumbnailUrl":"https:\/\/mikamaa.fi\/wp-content\/uploads\/2024\/05\/Mikamaa.fi_WP_FeaturedImage.jpg","datePublished":"2024-05-23T00:06:28+00:00","dateModified":"2024-05-29T13:29:04+00:00","description":"Tietosuojaseloste. Tutustu meid\u00e4n tietosuojak\u00e4yt\u00e4nt\u00f6ihin. Henkil\u00f6tietolain (523\/1999) 10\u00a7:n ja 24\u00a7:n mukainen rekisteriseloste.","breadcrumb":{"@id":"https:\/\/mikamaa.fi\/tietosuojaseloste\/#breadcrumb"},"inLanguage":"en-US","potentialAction":[{"@type":"ReadAction","target":["https:\/\/mikamaa.fi\/tietosuojaseloste\/"]}]},{"@type":"ImageObject","inLanguage":"en-US","@id":"https:\/\/mikamaa.fi\/tietosuojaseloste\/#primaryimage","url":"https:\/\/mikamaa.fi\/wp-content\/uploads\/2024\/05\/Mikamaa.fi_WP_FeaturedImage.jpg","contentUrl":"https:\/\/mikamaa.fi\/wp-content\/uploads\/2024\/05\/Mikamaa.fi_WP_FeaturedImage.jpg","width":1128,"height":628},{"@type":"BreadcrumbList","@id":"https:\/\/mikamaa.fi\/tietosuojaseloste\/#breadcrumb","itemListElement":[{"@type":"ListItem","position":1,"name":"Home","item":"https:\/\/mikamaa.fi\/"},{"@type":"ListItem","position":2,"name":"Tietosuojaseloste"}]},{"@type":"WebSite","@id":"https:\/\/mikamaa.fi\/#website","url":"https:\/\/mikamaa.fi\/","name":"www.mikamaa.fi","description":"Woodwinds &amp; Handcrafts","publisher":{"@id":"https:\/\/mikamaa.fi\/#organization"},"potentialAction":[{"@type":"SearchAction","target":{"@type":"EntryPoint","urlTemplate":"https:\/\/mikamaa.fi\/?s={search_term_string}"},"query-input":{"@type":"PropertyValueSpecification","valueRequired":true,"valueName":"search_term_string"}}],"inLanguage":"en-US"},{"@type":"Organization","@id":"https:\/\/mikamaa.fi\/#organization","name":"www.mikamaa.fi","url":"https:\/\/mikamaa.fi\/","logo":{"@type":"ImageObject","inLanguage":"en-US","@id":"https:\/\/mikamaa.fi\/#\/schema\/logo\/image\/","url":"https:\/\/mikamaa.fi\/wp-content\/uploads\/2024\/05\/MG_9608-scaled.jpg","contentUrl":"https:\/\/mikamaa.fi\/wp-content\/uploads\/2024\/05\/MG_9608-scaled.jpg","width":2560,"height":2560,"caption":"www.mikamaa.fi"},"image":{"@id":"https:\/\/mikamaa.fi\/#\/schema\/logo\/image\/"},"sameAs":["https:\/\/www.facebook.com\/mikamaaflutes\/","https:\/\/www.instagram.com\/mikamaaflutes\/","https:\/\/www.youtube.com\/channel\/UC7s-o815hfSp1q_IYa_HigA","https:\/\/www.tiktok.com\/@mikamaaflutes"]}]}},"_links":{"self":[{"href":"https:\/\/mikamaa.fi\/en\/wp-json\/wp\/v2\/pages\/3414","targetHints":{"allow":["GET"]}}],"collection":[{"href":"https:\/\/mikamaa.fi\/en\/wp-json\/wp\/v2\/pages"}],"about":[{"href":"https:\/\/mikamaa.fi\/en\/wp-json\/wp\/v2\/types\/page"}],"author":[{"embeddable":true,"href":"https:\/\/mikamaa.fi\/en\/wp-json\/wp\/v2\/users\/1"}],"replies":[{"embeddable":true,"href":"https:\/\/mikamaa.fi\/en\/wp-json\/wp\/v2\/comments?post=3414"}],"version-history":[{"count":38,"href":"https:\/\/mikamaa.fi\/en\/wp-json\/wp\/v2\/pages\/3414\/revisions"}],"predecessor-version":[{"id":4519,"href":"https:\/\/mikamaa.fi\/en\/wp-json\/wp\/v2\/pages\/3414\/revisions\/4519"}],"wp:featuredmedia":[{"embeddable":true,"href":"https:\/\/mikamaa.fi\/en\/wp-json\/wp\/v2\/media\/4514"}],"wp:attachment":[{"href":"https:\/\/mikamaa.fi\/en\/wp-json\/wp\/v2\/media?parent=3414"}],"curies":[{"name":"wp","href":"https:\/\/api.w.org\/{rel}","templated":true}]}}