{"id":4683,"date":"2024-06-06T13:34:00","date_gmt":"2024-06-06T11:34:00","guid":{"rendered":"https:\/\/mikamaa.fi\/?post_type=product&#038;p=4683"},"modified":"2025-08-29T19:19:38","modified_gmt":"2025-08-29T17:19:38","slug":"a4-savellajin-natiivihuilu-double-alterdrone-aeolian","status":"publish","type":"product","link":"https:\/\/mikamaa.fi\/en\/product\/a4-savellajin-natiivihuilu-double-alterdrone-aeolian\/","title":{"rendered":"A4 Key Native American style flute Double alterdrone Aeolian"},"content":{"rendered":"<p>&nbsp;<\/p>\n<hr \/>\n<p style=\"text-align: center;\"><strong>MADE TO ORDER<\/strong><\/p>\n<p>&nbsp;<\/p>\n<p style=\"text-align: center;\">Available only on backorder!<\/p>\n<p>&nbsp;<\/p>\n<p style=\"text-align: center;\">T\u00e4t\u00e4 huilua ei ole saatavilla valmiina varastosta, vaan se valmistetaan ainoastaan tilauksesta. Ostaessasi t\u00e4m\u00e4n tuotteen, aloitamme sen valmistamisen mahdollisimman pian tilauksestasi ja l\u00e4het\u00e4mme sen kun tuote on valmis. Aikaa valmistumiseen menee yleens\u00e4 n. 3-8 viikkoa, riippuen tilaust\u00f6iden m\u00e4\u00e4r\u00e4st\u00e4 ja tilauksesi ajankohdasta. Kerromme tarkemman valmistumisajan s\u00e4hk\u00f6postitse tilauksen vastaanottamisen ja ty\u00f6n aloittamisen yhteydess\u00e4.<\/p>\n<p>&nbsp;<\/p>\n<p style=\"text-align: center;\"><strong>Huom!<br \/>\nKuvista poiketen huilu on tehty kauttaaltaan samasta puulajista, kuin huilun runko. Puulajien sekoittelut ja huilun muut koristelut hinnoitellaan tapauskohtaisesti, joten laita viesti\u00e4 jos haluat tehd\u00e4 yksil\u00f6llisemm\u00e4n custom-tilauksen.<\/strong><\/p>\n<p>&nbsp;<\/p>\n<hr \/>\n<p>&nbsp;<\/p>\n<p>&nbsp;<\/p>\n<p><strong>Native American style flute in the key of A4.<\/strong> Semi-high and mellow sound frequency. Tuned to natural minor scale (also known as Aeolian). One of the most popular key in Native American style flutes.<\/p>\n<p>&nbsp;<\/p>\n<p><strong>Double drone.<\/strong> The flute is styled as a double drone, meaning it has two playing parts; the melody side and the drone side. The melody side has typical finger holes for a flute, but the drone side usually has no holes at all. The drone sound in the melody's background creates a wonderful, powerful and harmonious atmosphere.<\/p>\n<p>&nbsp;<\/p>\n<p><strong>Alterdrone.<\/strong> Usually drone flutes doesn't have any finger holes on drone side, but this flute has two; one on top side of the flute for pinky and one at bottom for thumb. Finger holes on drone side gives capability to change the drone note on the fly when playing, so it can create many different possibilities of harmonies between drone sound and melody. This flute is capable to play five different drone notes; A4, C5, D5, E5 and A5.<\/p>\n<p>&nbsp;<\/p>\n<p><strong>Suitable for beginners and experienced players.<\/strong> This medium-sized flute is ideal for everyone. One of the best choice as a first flute for its easy playability and ergonomic design.<\/p>\n<p>&nbsp;<\/p>\n<p><strong>Crafted from selected materials.<\/strong> We always use only luthier dry lumber on our flutes. Choose the wood specie you like from available woods. A high-quality and durable leather strap binds the bird tightly in position.<\/p>\n<p>&nbsp;<\/p>\n<p><strong>Includes manual with instructions for playing, care and maintenance.<\/strong> The manual contains all the essentials about playing beginnings and flute caring. Pictured instructions for finger placements, notes and different scales. NOTE! Flute doesn't come with a bag. Flute bag is sold separately. <a href=\"https:\/\/mikamaa.fi\/en\/product\/huilupussi\/\">Move to product page of the flute bag here --&gt;<\/a><\/p>\n<p>&nbsp;<\/p>\n<p><strong><u>Specs:<\/u><\/strong><\/p>\n<p>&nbsp;<\/p>\n<ul>\n<li><strong>Key:<\/strong> A4<\/li>\n<li><strong>Tuning:<\/strong> Natural minor\/Aeolian (440 hz or 432 hz)<\/li>\n<li><strong>Style:<\/strong> Double drone<\/li>\n<li><strong>Woods:<\/strong> Chosen from available woods<\/li>\n<li><strong>Finish:<\/strong> Oil wax, Carnauba wax polish<\/li>\n<li><strong>Inner diameter:<\/strong> 19 mm \/ 3\/4&#8221;<\/li>\n<\/ul>\n<p>&nbsp;<\/p>\n<p><strong><u>Ergonomics:<\/u><\/strong><\/p>\n<p>&nbsp;<\/p>\n<ul>\n<li><strong>Total length of the flute:<\/strong> 46,5 cm<\/li>\n<li><strong>Distance from the blowing end to the top finger hole:<\/strong> 26 cm<\/li>\n<li><strong>Distance between the top and bottom finger holes:<\/strong> 13 cm<\/li>\n<li><strong>Largest finger hole diameter:<\/strong> 8,5 mm (4th hole)<\/li>\n<li><strong>Largest distance between finger holes for one hand:<\/strong> 28 mm (1st-2nd &amp; 2nd-3rd holes)<\/li>\n<\/ul>\n<p>&nbsp;<\/p>\n<p><strong>Sound sample with reverb effect:<\/strong><\/p>\n<audio class=\"wp-audio-shortcode\" id=\"audio-4683-1\" preload=\"none\" style=\"width: 100%;\" controls=\"controls\"><source type=\"audio\/mpeg\" src=\"https:\/\/mikamaa.fi\/wp-content\/uploads\/2024\/06\/A4_aeolian_alterdrone_FX.mp3?_=1\" \/><a href=\"https:\/\/mikamaa.fi\/wp-content\/uploads\/2024\/06\/A4_aeolian_alterdrone_FX.mp3\">https:\/\/mikamaa.fi\/wp-content\/uploads\/2024\/06\/A4_aeolian_alterdrone_FX.mp3<\/a><\/audio>\n<p>&nbsp;<\/p>\n<p><strong>Sound sample without effects (dry):<\/strong><\/p>\n<audio class=\"wp-audio-shortcode\" id=\"audio-4683-2\" preload=\"none\" style=\"width: 100%;\" controls=\"controls\"><source type=\"audio\/mpeg\" src=\"https:\/\/mikamaa.fi\/wp-content\/uploads\/2024\/06\/A4_aeolian_alterdrone_DRY.mp3?_=2\" \/><a href=\"https:\/\/mikamaa.fi\/wp-content\/uploads\/2024\/06\/A4_aeolian_alterdrone_DRY.mp3\">https:\/\/mikamaa.fi\/wp-content\/uploads\/2024\/06\/A4_aeolian_alterdrone_DRY.mp3<\/a><\/audio>\n<p>&nbsp;<\/p>\n<hr \/>","protected":false},"excerpt":{"rendered":"<p><span style=\"color: #ffcc00;\">MADE TO ORDER<\/span><\/p>","protected":false},"featured_media":5208,"template":"","meta":{"inline_featured_image":false,"site-sidebar-layout":"default","site-content-layout":"","ast-site-content-layout":"default","site-content-style":"default","site-sidebar-style":"default","ast-global-header-display":"","ast-banner-title-visibility":"","ast-main-header-display":"","ast-hfb-above-header-display":"","ast-hfb-below-header-display":"","ast-hfb-mobile-header-display":"","site-post-title":"","ast-breadcrumbs-content":"","ast-featured-img":"","footer-sml-layout":"","ast-disable-related-posts":"","theme-transparent-header-meta":"disabled","adv-header-id-meta":"","stick-header-meta":"","header-above-stick-meta":"","header-main-stick-meta":"","header-below-stick-meta":"","astra-migrate-meta-layouts":"set","ast-page-background-enabled":"default","ast-page-background-meta":{"desktop":{"background-color":"var(--ast-global-color-4)","background-image":"","background-repeat":"repeat","background-position":"center center","background-size":"auto","background-attachment":"scroll","background-type":"","background-media":"","overlay-type":"","overlay-color":"","overlay-opacity":"","overlay-gradient":""},"tablet":{"background-color":"","background-image":"","background-repeat":"repeat","background-position":"center center","background-size":"auto","background-attachment":"scroll","background-type":"","background-media":"","overlay-type":"","overlay-color":"","overlay-opacity":"","overlay-gradient":""},"mobile":{"background-color":"","background-image":"","background-repeat":"repeat","background-position":"center center","background-size":"auto","background-attachment":"scroll","background-type":"","background-media":"","overlay-type":"","overlay-color":"","overlay-opacity":"","overlay-gradient":""}},"ast-content-background-meta":{"desktop":{"background-color":"var(--ast-global-color-5)","background-image":"","background-repeat":"repeat","background-position":"center center","background-size":"auto","background-attachment":"scroll","background-type":"","background-media":"","overlay-type":"","overlay-color":"","overlay-opacity":"","overlay-gradient":""},"tablet":{"background-color":"var(--ast-global-color-5)","background-image":"","background-repeat":"repeat","background-position":"center center","background-size":"auto","background-attachment":"scroll","background-type":"","background-media":"","overlay-type":"","overlay-color":"","overlay-opacity":"","overlay-gradient":""},"mobile":{"background-color":"var(--ast-global-color-5)","background-image":"","background-repeat":"repeat","background-position":"center center","background-size":"auto","background-attachment":"scroll","background-type":"","background-media":"","overlay-type":"","overlay-color":"","overlay-opacity":"","overlay-gradient":""}}},"product_brand":[],"product_cat":[45,66],"product_tag":[],"class_list":{"0":"post-4683","1":"product","2":"type-product","3":"status-publish","4":"has-post-thumbnail","6":"product_cat-double-drone","7":"product_cat-tehdaan-tilauksesta","8":"product_shipping_class-max-60cm","9":"desktop-align-center","10":"tablet-align-center","11":"mobile-align-center","13":"first","14":"onbackorder","15":"taxable","16":"shipping-taxable","17":"purchasable","18":"product-type-variable","19":"has-default-attributes"},"yoast_head":"<!-- This site is optimized with the Yoast SEO plugin v27.4 - https:\/\/yoast.com\/product\/yoast-seo-wordpress\/ -->\n<title>A4 s\u00e4vellajin Natiivihuilu double alterdrone Aeolian &#8226; www.mikamaa.fi<\/title>\n<meta name=\"description\" content=\"www.mikamaa.fi Native American style flutes handmade in Finland\" \/>\n<meta name=\"robots\" content=\"index, follow, max-snippet:-1, max-image-preview:large, max-video-preview:-1\" \/>\n<link rel=\"canonical\" href=\"https:\/\/mikamaa.fi\/en\/product\/a4-savellajin-natiivihuilu-double-alterdrone-aeolian\/\" \/>\n<meta property=\"og:locale\" content=\"en_US\" \/>\n<meta property=\"og:type\" content=\"article\" \/>\n<meta property=\"og:title\" content=\"A4 s\u00e4vellajin Natiivihuilu double alterdrone Aeolian &#8226; www.mikamaa.fi\" \/>\n<meta property=\"og:description\" content=\"www.mikamaa.fi Native American style flutes handmade in Finland\" \/>\n<meta property=\"og:url\" content=\"https:\/\/mikamaa.fi\/en\/product\/a4-savellajin-natiivihuilu-double-alterdrone-aeolian\/\" \/>\n<meta property=\"og:site_name\" content=\"www.mikamaa.fi\" \/>\n<meta property=\"article:publisher\" content=\"https:\/\/www.facebook.com\/mikamaaflutes\/\" \/>\n<meta property=\"article:modified_time\" content=\"2025-08-29T17:19:38+00:00\" \/>\n<meta property=\"og:image\" content=\"https:\/\/mikamaa.fi\/wp-content\/uploads\/2024\/09\/MG_9859-scaled-e1733831652609.jpg\" \/>\n\t<meta property=\"og:image:width\" content=\"1000\" \/>\n\t<meta property=\"og:image:height\" content=\"1000\" \/>\n\t<meta property=\"og:image:type\" content=\"image\/jpeg\" \/>\n<meta name=\"twitter:card\" content=\"summary_large_image\" \/>\n<meta name=\"twitter:label1\" content=\"Est. reading time\" \/>\n\t<meta name=\"twitter:data1\" content=\"3 minutes\" \/>\n<script type=\"application\/ld+json\" class=\"yoast-schema-graph\">{\"@context\":\"https:\\\/\\\/schema.org\",\"@graph\":[{\"@type\":\"WebPage\",\"@id\":\"https:\\\/\\\/mikamaa.fi\\\/tuote\\\/a4-savellajin-natiivihuilu-double-alterdrone-aeolian\\\/\",\"url\":\"https:\\\/\\\/mikamaa.fi\\\/tuote\\\/a4-savellajin-natiivihuilu-double-alterdrone-aeolian\\\/\",\"name\":\"A4 s\u00e4vellajin Natiivihuilu double alterdrone Aeolian &#8226; www.mikamaa.fi\",\"isPartOf\":{\"@id\":\"https:\\\/\\\/mikamaa.fi\\\/#website\"},\"primaryImageOfPage\":{\"@id\":\"https:\\\/\\\/mikamaa.fi\\\/tuote\\\/a4-savellajin-natiivihuilu-double-alterdrone-aeolian\\\/#primaryimage\"},\"image\":{\"@id\":\"https:\\\/\\\/mikamaa.fi\\\/tuote\\\/a4-savellajin-natiivihuilu-double-alterdrone-aeolian\\\/#primaryimage\"},\"thumbnailUrl\":\"https:\\\/\\\/mikamaa.fi\\\/wp-content\\\/uploads\\\/2024\\\/09\\\/MG_9859-scaled-e1733831652609.jpg\",\"datePublished\":\"2024-06-06T11:34:00+00:00\",\"dateModified\":\"2025-08-29T17:19:38+00:00\",\"description\":\"www.mikamaa.fi Native American style flutes handmade in Finland\",\"breadcrumb\":{\"@id\":\"https:\\\/\\\/mikamaa.fi\\\/tuote\\\/a4-savellajin-natiivihuilu-double-alterdrone-aeolian\\\/#breadcrumb\"},\"inLanguage\":\"en-US\",\"potentialAction\":[{\"@type\":\"ReadAction\",\"target\":[\"https:\\\/\\\/mikamaa.fi\\\/tuote\\\/a4-savellajin-natiivihuilu-double-alterdrone-aeolian\\\/\"]}]},{\"@type\":\"ImageObject\",\"inLanguage\":\"en-US\",\"@id\":\"https:\\\/\\\/mikamaa.fi\\\/tuote\\\/a4-savellajin-natiivihuilu-double-alterdrone-aeolian\\\/#primaryimage\",\"url\":\"https:\\\/\\\/mikamaa.fi\\\/wp-content\\\/uploads\\\/2024\\\/09\\\/MG_9859-scaled-e1733831652609.jpg\",\"contentUrl\":\"https:\\\/\\\/mikamaa.fi\\\/wp-content\\\/uploads\\\/2024\\\/09\\\/MG_9859-scaled-e1733831652609.jpg\",\"width\":1000,\"height\":1000},{\"@type\":\"BreadcrumbList\",\"@id\":\"https:\\\/\\\/mikamaa.fi\\\/tuote\\\/a4-savellajin-natiivihuilu-double-alterdrone-aeolian\\\/#breadcrumb\",\"itemListElement\":[{\"@type\":\"ListItem\",\"position\":1,\"name\":\"Home\",\"item\":\"https:\\\/\\\/mikamaa.fi\\\/\"},{\"@type\":\"ListItem\",\"position\":2,\"name\":\"Kauppa\",\"item\":\"https:\\\/\\\/mikamaa.fi\\\/kauppa\\\/\"},{\"@type\":\"ListItem\",\"position\":3,\"name\":\"A4 s\u00e4vellajin Natiivihuilu double alterdrone Aeolian\"}]},{\"@type\":\"WebSite\",\"@id\":\"https:\\\/\\\/mikamaa.fi\\\/#website\",\"url\":\"https:\\\/\\\/mikamaa.fi\\\/\",\"name\":\"www.mikamaa.fi\",\"description\":\"Woodwinds &amp; Handcrafts\",\"publisher\":{\"@id\":\"https:\\\/\\\/mikamaa.fi\\\/#organization\"},\"potentialAction\":[{\"@type\":\"SearchAction\",\"target\":{\"@type\":\"EntryPoint\",\"urlTemplate\":\"https:\\\/\\\/mikamaa.fi\\\/?s={search_term_string}\"},\"query-input\":{\"@type\":\"PropertyValueSpecification\",\"valueRequired\":true,\"valueName\":\"search_term_string\"}}],\"inLanguage\":\"en-US\"},{\"@type\":\"Organization\",\"@id\":\"https:\\\/\\\/mikamaa.fi\\\/#organization\",\"name\":\"www.mikamaa.fi\",\"url\":\"https:\\\/\\\/mikamaa.fi\\\/\",\"logo\":{\"@type\":\"ImageObject\",\"inLanguage\":\"en-US\",\"@id\":\"https:\\\/\\\/mikamaa.fi\\\/#\\\/schema\\\/logo\\\/image\\\/\",\"url\":\"https:\\\/\\\/mikamaa.fi\\\/wp-content\\\/uploads\\\/2024\\\/05\\\/MG_9608-scaled.jpg\",\"contentUrl\":\"https:\\\/\\\/mikamaa.fi\\\/wp-content\\\/uploads\\\/2024\\\/05\\\/MG_9608-scaled.jpg\",\"width\":2560,\"height\":2560,\"caption\":\"www.mikamaa.fi\"},\"image\":{\"@id\":\"https:\\\/\\\/mikamaa.fi\\\/#\\\/schema\\\/logo\\\/image\\\/\"},\"sameAs\":[\"https:\\\/\\\/www.facebook.com\\\/mikamaaflutes\\\/\",\"https:\\\/\\\/www.instagram.com\\\/mikamaaflutes\\\/\",\"https:\\\/\\\/www.youtube.com\\\/channel\\\/UC7s-o815hfSp1q_IYa_HigA\",\"https:\\\/\\\/www.tiktok.com\\\/@mikamaaflutes\"]}]}<\/script>\n<!-- \/ Yoast SEO plugin. -->","yoast_head_json":{"title":"A4 s\u00e4vellajin Natiivihuilu double alterdrone Aeolian &#8226; www.mikamaa.fi","description":"www.mikamaa.fi Native American style flutes handmade in Finland","robots":{"index":"index","follow":"follow","max-snippet":"max-snippet:-1","max-image-preview":"max-image-preview:large","max-video-preview":"max-video-preview:-1"},"canonical":"https:\/\/mikamaa.fi\/en\/product\/a4-savellajin-natiivihuilu-double-alterdrone-aeolian\/","og_locale":"en_US","og_type":"article","og_title":"A4 s\u00e4vellajin Natiivihuilu double alterdrone Aeolian &#8226; www.mikamaa.fi","og_description":"www.mikamaa.fi Native American style flutes handmade in Finland","og_url":"https:\/\/mikamaa.fi\/en\/product\/a4-savellajin-natiivihuilu-double-alterdrone-aeolian\/","og_site_name":"www.mikamaa.fi","article_publisher":"https:\/\/www.facebook.com\/mikamaaflutes\/","article_modified_time":"2025-08-29T17:19:38+00:00","og_image":[{"width":1000,"height":1000,"url":"https:\/\/mikamaa.fi\/wp-content\/uploads\/2024\/09\/MG_9859-scaled-e1733831652609.jpg","type":"image\/jpeg"}],"twitter_card":"summary_large_image","twitter_misc":{"Est. reading time":"3 minutes"},"schema":{"@context":"https:\/\/schema.org","@graph":[{"@type":"WebPage","@id":"https:\/\/mikamaa.fi\/tuote\/a4-savellajin-natiivihuilu-double-alterdrone-aeolian\/","url":"https:\/\/mikamaa.fi\/tuote\/a4-savellajin-natiivihuilu-double-alterdrone-aeolian\/","name":"A4 s\u00e4vellajin Natiivihuilu double alterdrone Aeolian &#8226; www.mikamaa.fi","isPartOf":{"@id":"https:\/\/mikamaa.fi\/#website"},"primaryImageOfPage":{"@id":"https:\/\/mikamaa.fi\/tuote\/a4-savellajin-natiivihuilu-double-alterdrone-aeolian\/#primaryimage"},"image":{"@id":"https:\/\/mikamaa.fi\/tuote\/a4-savellajin-natiivihuilu-double-alterdrone-aeolian\/#primaryimage"},"thumbnailUrl":"https:\/\/mikamaa.fi\/wp-content\/uploads\/2024\/09\/MG_9859-scaled-e1733831652609.jpg","datePublished":"2024-06-06T11:34:00+00:00","dateModified":"2025-08-29T17:19:38+00:00","description":"www.mikamaa.fi Native American style flutes handmade in Finland","breadcrumb":{"@id":"https:\/\/mikamaa.fi\/tuote\/a4-savellajin-natiivihuilu-double-alterdrone-aeolian\/#breadcrumb"},"inLanguage":"en-US","potentialAction":[{"@type":"ReadAction","target":["https:\/\/mikamaa.fi\/tuote\/a4-savellajin-natiivihuilu-double-alterdrone-aeolian\/"]}]},{"@type":"ImageObject","inLanguage":"en-US","@id":"https:\/\/mikamaa.fi\/tuote\/a4-savellajin-natiivihuilu-double-alterdrone-aeolian\/#primaryimage","url":"https:\/\/mikamaa.fi\/wp-content\/uploads\/2024\/09\/MG_9859-scaled-e1733831652609.jpg","contentUrl":"https:\/\/mikamaa.fi\/wp-content\/uploads\/2024\/09\/MG_9859-scaled-e1733831652609.jpg","width":1000,"height":1000},{"@type":"BreadcrumbList","@id":"https:\/\/mikamaa.fi\/tuote\/a4-savellajin-natiivihuilu-double-alterdrone-aeolian\/#breadcrumb","itemListElement":[{"@type":"ListItem","position":1,"name":"Home","item":"https:\/\/mikamaa.fi\/"},{"@type":"ListItem","position":2,"name":"Kauppa","item":"https:\/\/mikamaa.fi\/kauppa\/"},{"@type":"ListItem","position":3,"name":"A4 s\u00e4vellajin Natiivihuilu double alterdrone Aeolian"}]},{"@type":"WebSite","@id":"https:\/\/mikamaa.fi\/#website","url":"https:\/\/mikamaa.fi\/","name":"www.mikamaa.fi","description":"Woodwinds &amp; Handcrafts","publisher":{"@id":"https:\/\/mikamaa.fi\/#organization"},"potentialAction":[{"@type":"SearchAction","target":{"@type":"EntryPoint","urlTemplate":"https:\/\/mikamaa.fi\/?s={search_term_string}"},"query-input":{"@type":"PropertyValueSpecification","valueRequired":true,"valueName":"search_term_string"}}],"inLanguage":"en-US"},{"@type":"Organization","@id":"https:\/\/mikamaa.fi\/#organization","name":"www.mikamaa.fi","url":"https:\/\/mikamaa.fi\/","logo":{"@type":"ImageObject","inLanguage":"en-US","@id":"https:\/\/mikamaa.fi\/#\/schema\/logo\/image\/","url":"https:\/\/mikamaa.fi\/wp-content\/uploads\/2024\/05\/MG_9608-scaled.jpg","contentUrl":"https:\/\/mikamaa.fi\/wp-content\/uploads\/2024\/05\/MG_9608-scaled.jpg","width":2560,"height":2560,"caption":"www.mikamaa.fi"},"image":{"@id":"https:\/\/mikamaa.fi\/#\/schema\/logo\/image\/"},"sameAs":["https:\/\/www.facebook.com\/mikamaaflutes\/","https:\/\/www.instagram.com\/mikamaaflutes\/","https:\/\/www.youtube.com\/channel\/UC7s-o815hfSp1q_IYa_HigA","https:\/\/www.tiktok.com\/@mikamaaflutes"]}]}},"_links":{"self":[{"href":"https:\/\/mikamaa.fi\/en\/wp-json\/wp\/v2\/product\/4683","targetHints":{"allow":["GET"]}}],"collection":[{"href":"https:\/\/mikamaa.fi\/en\/wp-json\/wp\/v2\/product"}],"about":[{"href":"https:\/\/mikamaa.fi\/en\/wp-json\/wp\/v2\/types\/product"}],"version-history":[{"count":5,"href":"https:\/\/mikamaa.fi\/en\/wp-json\/wp\/v2\/product\/4683\/revisions"}],"predecessor-version":[{"id":5966,"href":"https:\/\/mikamaa.fi\/en\/wp-json\/wp\/v2\/product\/4683\/revisions\/5966"}],"wp:featuredmedia":[{"embeddable":true,"href":"https:\/\/mikamaa.fi\/en\/wp-json\/wp\/v2\/media\/5208"}],"wp:attachment":[{"href":"https:\/\/mikamaa.fi\/en\/wp-json\/wp\/v2\/media?parent=4683"}],"wp:term":[{"taxonomy":"product_brand","embeddable":true,"href":"https:\/\/mikamaa.fi\/en\/wp-json\/wp\/v2\/product_brand?post=4683"},{"taxonomy":"product_cat","embeddable":true,"href":"https:\/\/mikamaa.fi\/en\/wp-json\/wp\/v2\/product_cat?post=4683"},{"taxonomy":"product_tag","embeddable":true,"href":"https:\/\/mikamaa.fi\/en\/wp-json\/wp\/v2\/product_tag?post=4683"}],"curies":[{"name":"wp","href":"https:\/\/api.w.org\/{rel}","templated":true}]}}