{"id":4923,"date":"2024-06-11T08:53:21","date_gmt":"2024-06-11T06:53:21","guid":{"rendered":"https:\/\/mikamaa.fi\/?post_type=product&#038;p=4923"},"modified":"2026-02-17T17:33:00","modified_gmt":"2026-02-17T15:33:00","slug":"huilupussi","status":"publish","type":"product","link":"https:\/\/mikamaa.fi\/en\/product\/huilupussi\/","title":{"rendered":"Flute bag"},"content":{"rendered":"<p>&nbsp;<\/p>\n<hr \/>\n<p><strong>Flute bag for every flute.<\/strong> We make our flute bags by ourselves to fit the flute perfectly. Bag has crocheted strap for closing the mouth bigger bags has also long straps for carrying it on shoulder or back. Bags made for our very smallest flutes doesn't have the carrying strap.<\/p>\n<p>&nbsp;<\/p>\n<p><strong>High quality materials.<\/strong> Fabrics chosen to flute bags are 100 % cotton and they have soft fleece interior. Laces are crocheted from wool thread. Patterns and designs of fabrics changes, but we always choose them with good taste and aesthetics.<\/p>\n<p>&nbsp;<\/p>\n<p>&nbsp;<\/p>","protected":false},"excerpt":{"rendered":"<p>&nbsp; Huilupussi jokaiselle huilulle. Valmistamme huilupussit omin k\u00e4sin huilun mittojen mukaan r\u00e4\u00e4t\u00e4l\u00f6ityn\u00e4. Pussissa on ny\u00f6rit sulkemista varten ja isommissa pusseissa pidemm\u00e4t ny\u00f6rit, joista huilua voi kantaa my\u00f6s olalla tai sel\u00e4ss\u00e4. Ihan pienimpien huilujen pusseissa ei ole kantony\u00f6rej\u00e4. &nbsp; Laadukkaat materiaalit. Huilupussien kankaat ovat 100 % puuvillaa ja sis\u00e4puolella on pehmoinen fleece-vuori. Ny\u00f6rit on virkattu villalangasta. [&hellip;]<\/p>\n","protected":false},"featured_media":5266,"template":"","meta":{"inline_featured_image":false,"site-sidebar-layout":"default","site-content-layout":"","ast-site-content-layout":"default","site-content-style":"default","site-sidebar-style":"default","ast-global-header-display":"","ast-banner-title-visibility":"","ast-main-header-display":"","ast-hfb-above-header-display":"","ast-hfb-below-header-display":"","ast-hfb-mobile-header-display":"","site-post-title":"","ast-breadcrumbs-content":"","ast-featured-img":"","footer-sml-layout":"","ast-disable-related-posts":"","theme-transparent-header-meta":"default","adv-header-id-meta":"","stick-header-meta":"","header-above-stick-meta":"","header-main-stick-meta":"","header-below-stick-meta":"","astra-migrate-meta-layouts":"set","ast-page-background-enabled":"default","ast-page-background-meta":{"desktop":{"background-color":"var(--ast-global-color-4)","background-image":"","background-repeat":"repeat","background-position":"center center","background-size":"auto","background-attachment":"scroll","background-type":"","background-media":"","overlay-type":"","overlay-color":"","overlay-opacity":"","overlay-gradient":""},"tablet":{"background-color":"","background-image":"","background-repeat":"repeat","background-position":"center center","background-size":"auto","background-attachment":"scroll","background-type":"","background-media":"","overlay-type":"","overlay-color":"","overlay-opacity":"","overlay-gradient":""},"mobile":{"background-color":"","background-image":"","background-repeat":"repeat","background-position":"center center","background-size":"auto","background-attachment":"scroll","background-type":"","background-media":"","overlay-type":"","overlay-color":"","overlay-opacity":"","overlay-gradient":""}},"ast-content-background-meta":{"desktop":{"background-color":"var(--ast-global-color-5)","background-image":"","background-repeat":"repeat","background-position":"center center","background-size":"auto","background-attachment":"scroll","background-type":"","background-media":"","overlay-type":"","overlay-color":"","overlay-opacity":"","overlay-gradient":""},"tablet":{"background-color":"var(--ast-global-color-5)","background-image":"","background-repeat":"repeat","background-position":"center center","background-size":"auto","background-attachment":"scroll","background-type":"","background-media":"","overlay-type":"","overlay-color":"","overlay-opacity":"","overlay-gradient":""},"mobile":{"background-color":"var(--ast-global-color-5)","background-image":"","background-repeat":"repeat","background-position":"center center","background-size":"auto","background-attachment":"scroll","background-type":"","background-media":"","overlay-type":"","overlay-color":"","overlay-opacity":"","overlay-gradient":""}}},"product_brand":[],"product_cat":[45,67,61,43],"product_tag":[],"class_list":{"0":"post-4923","1":"product","2":"type-product","3":"status-publish","4":"has-post-thumbnail","6":"product_cat-double-drone","7":"product_cat-heti-saatavilla","8":"product_cat-huilun-tarvikkeet","9":"product_cat-single-bore","10":"product_shipping_class-huilupussi","11":"desktop-align-center","12":"tablet-align-center","13":"mobile-align-center","15":"first","16":"instock","17":"taxable","18":"shipping-taxable","19":"purchasable","20":"product-type-variable"},"yoast_head":"<!-- This site is optimized with the Yoast SEO plugin v27.4 - https:\/\/yoast.com\/product\/yoast-seo-wordpress\/ -->\n<title>Huilupussi &#8226; www.mikamaa.fi<\/title>\n<meta name=\"description\" content=\"www.mikamaa.fi Native American style flutes handmade in Finland\" \/>\n<meta name=\"robots\" content=\"index, follow, max-snippet:-1, max-image-preview:large, max-video-preview:-1\" \/>\n<link rel=\"canonical\" href=\"https:\/\/mikamaa.fi\/en\/product\/huilupussi\/\" \/>\n<meta property=\"og:locale\" content=\"en_US\" \/>\n<meta property=\"og:type\" content=\"article\" \/>\n<meta property=\"og:title\" content=\"Huilupussi &#8226; www.mikamaa.fi\" \/>\n<meta property=\"og:description\" content=\"www.mikamaa.fi Native American style flutes handmade in Finland\" \/>\n<meta property=\"og:url\" content=\"https:\/\/mikamaa.fi\/en\/product\/huilupussi\/\" \/>\n<meta property=\"og:site_name\" content=\"www.mikamaa.fi\" \/>\n<meta property=\"article:publisher\" content=\"https:\/\/www.facebook.com\/mikamaaflutes\/\" \/>\n<meta property=\"article:modified_time\" content=\"2026-02-17T15:33:00+00:00\" \/>\n<meta property=\"og:image\" content=\"https:\/\/mikamaa.fi\/wp-content\/uploads\/2024\/10\/MG_9927-scaled-e1733831513857.jpg\" \/>\n\t<meta property=\"og:image:width\" content=\"1000\" \/>\n\t<meta property=\"og:image:height\" content=\"1000\" \/>\n\t<meta property=\"og:image:type\" content=\"image\/jpeg\" \/>\n<meta name=\"twitter:card\" content=\"summary_large_image\" \/>\n<meta name=\"twitter:label1\" content=\"Est. reading time\" \/>\n\t<meta name=\"twitter:data1\" content=\"1 minute\" \/>\n<script type=\"application\/ld+json\" class=\"yoast-schema-graph\">{\"@context\":\"https:\\\/\\\/schema.org\",\"@graph\":[{\"@type\":\"WebPage\",\"@id\":\"https:\\\/\\\/mikamaa.fi\\\/tuote\\\/huilupussi\\\/\",\"url\":\"https:\\\/\\\/mikamaa.fi\\\/tuote\\\/huilupussi\\\/\",\"name\":\"Huilupussi &#8226; www.mikamaa.fi\",\"isPartOf\":{\"@id\":\"https:\\\/\\\/mikamaa.fi\\\/#website\"},\"primaryImageOfPage\":{\"@id\":\"https:\\\/\\\/mikamaa.fi\\\/tuote\\\/huilupussi\\\/#primaryimage\"},\"image\":{\"@id\":\"https:\\\/\\\/mikamaa.fi\\\/tuote\\\/huilupussi\\\/#primaryimage\"},\"thumbnailUrl\":\"https:\\\/\\\/mikamaa.fi\\\/wp-content\\\/uploads\\\/2024\\\/10\\\/MG_9927-scaled-e1733831513857.jpg\",\"datePublished\":\"2024-06-11T06:53:21+00:00\",\"dateModified\":\"2026-02-17T15:33:00+00:00\",\"description\":\"www.mikamaa.fi Native American style flutes handmade in Finland\",\"breadcrumb\":{\"@id\":\"https:\\\/\\\/mikamaa.fi\\\/tuote\\\/huilupussi\\\/#breadcrumb\"},\"inLanguage\":\"en-US\",\"potentialAction\":[{\"@type\":\"ReadAction\",\"target\":[\"https:\\\/\\\/mikamaa.fi\\\/tuote\\\/huilupussi\\\/\"]}]},{\"@type\":\"ImageObject\",\"inLanguage\":\"en-US\",\"@id\":\"https:\\\/\\\/mikamaa.fi\\\/tuote\\\/huilupussi\\\/#primaryimage\",\"url\":\"https:\\\/\\\/mikamaa.fi\\\/wp-content\\\/uploads\\\/2024\\\/10\\\/MG_9927-scaled-e1733831513857.jpg\",\"contentUrl\":\"https:\\\/\\\/mikamaa.fi\\\/wp-content\\\/uploads\\\/2024\\\/10\\\/MG_9927-scaled-e1733831513857.jpg\",\"width\":1000,\"height\":1000},{\"@type\":\"BreadcrumbList\",\"@id\":\"https:\\\/\\\/mikamaa.fi\\\/tuote\\\/huilupussi\\\/#breadcrumb\",\"itemListElement\":[{\"@type\":\"ListItem\",\"position\":1,\"name\":\"Home\",\"item\":\"https:\\\/\\\/mikamaa.fi\\\/\"},{\"@type\":\"ListItem\",\"position\":2,\"name\":\"Kauppa\",\"item\":\"https:\\\/\\\/mikamaa.fi\\\/kauppa\\\/\"},{\"@type\":\"ListItem\",\"position\":3,\"name\":\"Huilupussi\"}]},{\"@type\":\"WebSite\",\"@id\":\"https:\\\/\\\/mikamaa.fi\\\/#website\",\"url\":\"https:\\\/\\\/mikamaa.fi\\\/\",\"name\":\"www.mikamaa.fi\",\"description\":\"Woodwinds &amp; Handcrafts\",\"publisher\":{\"@id\":\"https:\\\/\\\/mikamaa.fi\\\/#organization\"},\"potentialAction\":[{\"@type\":\"SearchAction\",\"target\":{\"@type\":\"EntryPoint\",\"urlTemplate\":\"https:\\\/\\\/mikamaa.fi\\\/?s={search_term_string}\"},\"query-input\":{\"@type\":\"PropertyValueSpecification\",\"valueRequired\":true,\"valueName\":\"search_term_string\"}}],\"inLanguage\":\"en-US\"},{\"@type\":\"Organization\",\"@id\":\"https:\\\/\\\/mikamaa.fi\\\/#organization\",\"name\":\"www.mikamaa.fi\",\"url\":\"https:\\\/\\\/mikamaa.fi\\\/\",\"logo\":{\"@type\":\"ImageObject\",\"inLanguage\":\"en-US\",\"@id\":\"https:\\\/\\\/mikamaa.fi\\\/#\\\/schema\\\/logo\\\/image\\\/\",\"url\":\"https:\\\/\\\/mikamaa.fi\\\/wp-content\\\/uploads\\\/2024\\\/05\\\/MG_9608-scaled.jpg\",\"contentUrl\":\"https:\\\/\\\/mikamaa.fi\\\/wp-content\\\/uploads\\\/2024\\\/05\\\/MG_9608-scaled.jpg\",\"width\":2560,\"height\":2560,\"caption\":\"www.mikamaa.fi\"},\"image\":{\"@id\":\"https:\\\/\\\/mikamaa.fi\\\/#\\\/schema\\\/logo\\\/image\\\/\"},\"sameAs\":[\"https:\\\/\\\/www.facebook.com\\\/mikamaaflutes\\\/\",\"https:\\\/\\\/www.instagram.com\\\/mikamaaflutes\\\/\",\"https:\\\/\\\/www.youtube.com\\\/channel\\\/UC7s-o815hfSp1q_IYa_HigA\",\"https:\\\/\\\/www.tiktok.com\\\/@mikamaaflutes\"]}]}<\/script>\n<!-- \/ Yoast SEO plugin. -->","yoast_head_json":{"title":"Huilupussi &#8226; www.mikamaa.fi","description":"www.mikamaa.fi Native American style flutes handmade in Finland","robots":{"index":"index","follow":"follow","max-snippet":"max-snippet:-1","max-image-preview":"max-image-preview:large","max-video-preview":"max-video-preview:-1"},"canonical":"https:\/\/mikamaa.fi\/en\/product\/huilupussi\/","og_locale":"en_US","og_type":"article","og_title":"Huilupussi &#8226; www.mikamaa.fi","og_description":"www.mikamaa.fi Native American style flutes handmade in Finland","og_url":"https:\/\/mikamaa.fi\/en\/product\/huilupussi\/","og_site_name":"www.mikamaa.fi","article_publisher":"https:\/\/www.facebook.com\/mikamaaflutes\/","article_modified_time":"2026-02-17T15:33:00+00:00","og_image":[{"width":1000,"height":1000,"url":"https:\/\/mikamaa.fi\/wp-content\/uploads\/2024\/10\/MG_9927-scaled-e1733831513857.jpg","type":"image\/jpeg"}],"twitter_card":"summary_large_image","twitter_misc":{"Est. reading time":"1 minute"},"schema":{"@context":"https:\/\/schema.org","@graph":[{"@type":"WebPage","@id":"https:\/\/mikamaa.fi\/tuote\/huilupussi\/","url":"https:\/\/mikamaa.fi\/tuote\/huilupussi\/","name":"Huilupussi &#8226; www.mikamaa.fi","isPartOf":{"@id":"https:\/\/mikamaa.fi\/#website"},"primaryImageOfPage":{"@id":"https:\/\/mikamaa.fi\/tuote\/huilupussi\/#primaryimage"},"image":{"@id":"https:\/\/mikamaa.fi\/tuote\/huilupussi\/#primaryimage"},"thumbnailUrl":"https:\/\/mikamaa.fi\/wp-content\/uploads\/2024\/10\/MG_9927-scaled-e1733831513857.jpg","datePublished":"2024-06-11T06:53:21+00:00","dateModified":"2026-02-17T15:33:00+00:00","description":"www.mikamaa.fi Native American style flutes handmade in Finland","breadcrumb":{"@id":"https:\/\/mikamaa.fi\/tuote\/huilupussi\/#breadcrumb"},"inLanguage":"en-US","potentialAction":[{"@type":"ReadAction","target":["https:\/\/mikamaa.fi\/tuote\/huilupussi\/"]}]},{"@type":"ImageObject","inLanguage":"en-US","@id":"https:\/\/mikamaa.fi\/tuote\/huilupussi\/#primaryimage","url":"https:\/\/mikamaa.fi\/wp-content\/uploads\/2024\/10\/MG_9927-scaled-e1733831513857.jpg","contentUrl":"https:\/\/mikamaa.fi\/wp-content\/uploads\/2024\/10\/MG_9927-scaled-e1733831513857.jpg","width":1000,"height":1000},{"@type":"BreadcrumbList","@id":"https:\/\/mikamaa.fi\/tuote\/huilupussi\/#breadcrumb","itemListElement":[{"@type":"ListItem","position":1,"name":"Home","item":"https:\/\/mikamaa.fi\/"},{"@type":"ListItem","position":2,"name":"Kauppa","item":"https:\/\/mikamaa.fi\/kauppa\/"},{"@type":"ListItem","position":3,"name":"Huilupussi"}]},{"@type":"WebSite","@id":"https:\/\/mikamaa.fi\/#website","url":"https:\/\/mikamaa.fi\/","name":"www.mikamaa.fi","description":"Woodwinds &amp; Handcrafts","publisher":{"@id":"https:\/\/mikamaa.fi\/#organization"},"potentialAction":[{"@type":"SearchAction","target":{"@type":"EntryPoint","urlTemplate":"https:\/\/mikamaa.fi\/?s={search_term_string}"},"query-input":{"@type":"PropertyValueSpecification","valueRequired":true,"valueName":"search_term_string"}}],"inLanguage":"en-US"},{"@type":"Organization","@id":"https:\/\/mikamaa.fi\/#organization","name":"www.mikamaa.fi","url":"https:\/\/mikamaa.fi\/","logo":{"@type":"ImageObject","inLanguage":"en-US","@id":"https:\/\/mikamaa.fi\/#\/schema\/logo\/image\/","url":"https:\/\/mikamaa.fi\/wp-content\/uploads\/2024\/05\/MG_9608-scaled.jpg","contentUrl":"https:\/\/mikamaa.fi\/wp-content\/uploads\/2024\/05\/MG_9608-scaled.jpg","width":2560,"height":2560,"caption":"www.mikamaa.fi"},"image":{"@id":"https:\/\/mikamaa.fi\/#\/schema\/logo\/image\/"},"sameAs":["https:\/\/www.facebook.com\/mikamaaflutes\/","https:\/\/www.instagram.com\/mikamaaflutes\/","https:\/\/www.youtube.com\/channel\/UC7s-o815hfSp1q_IYa_HigA","https:\/\/www.tiktok.com\/@mikamaaflutes"]}]}},"_links":{"self":[{"href":"https:\/\/mikamaa.fi\/en\/wp-json\/wp\/v2\/product\/4923","targetHints":{"allow":["GET"]}}],"collection":[{"href":"https:\/\/mikamaa.fi\/en\/wp-json\/wp\/v2\/product"}],"about":[{"href":"https:\/\/mikamaa.fi\/en\/wp-json\/wp\/v2\/types\/product"}],"version-history":[{"count":0,"href":"https:\/\/mikamaa.fi\/en\/wp-json\/wp\/v2\/product\/4923\/revisions"}],"wp:featuredmedia":[{"embeddable":true,"href":"https:\/\/mikamaa.fi\/en\/wp-json\/wp\/v2\/media\/5266"}],"wp:attachment":[{"href":"https:\/\/mikamaa.fi\/en\/wp-json\/wp\/v2\/media?parent=4923"}],"wp:term":[{"taxonomy":"product_brand","embeddable":true,"href":"https:\/\/mikamaa.fi\/en\/wp-json\/wp\/v2\/product_brand?post=4923"},{"taxonomy":"product_cat","embeddable":true,"href":"https:\/\/mikamaa.fi\/en\/wp-json\/wp\/v2\/product_cat?post=4923"},{"taxonomy":"product_tag","embeddable":true,"href":"https:\/\/mikamaa.fi\/en\/wp-json\/wp\/v2\/product_tag?post=4923"}],"curies":[{"name":"wp","href":"https:\/\/api.w.org\/{rel}","templated":true}]}}