{"id":5525,"date":"2025-01-29T16:09:30","date_gmt":"2025-01-29T14:09:30","guid":{"rendered":"https:\/\/mikamaa.fi\/?post_type=product&#038;p=5525"},"modified":"2025-02-01T10:30:29","modified_gmt":"2025-02-01T08:30:29","slug":"a5-natiivihuilu-hijaz","status":"publish","type":"product","link":"https:\/\/mikamaa.fi\/en\/product\/a5-natiivihuilu-hijaz\/","title":{"rendered":"A5 Key Native American style flute Hijaz"},"content":{"rendered":"<p><strong>Native American style flute in the key of A5.<\/strong> Eritt\u00e4in korkea ja kirkas sointitaajuus. Viritetty arabialaiseen hijaz s\u00e4velasteikkoon, tunnetaan my\u00f6s nimell\u00e4 fryyginen molli.<\/p>\n<p>&nbsp;<\/p>\n<p><strong>Suitable for beginners and experienced players.<\/strong> This small-sized flute is ideal for everyone. Good choice as a first flute for its easy playability and ergonomic design.<\/p>\n<p>&nbsp;<\/p>\n<p><strong>Crafted from selected materials.<\/strong> Kaikki huilut valmistetaan vain soitinrakennuskuivista puista. Huilun runko on valmistettu mahongista. Lintu on valmistettu koivusta. Laadukas ja kest\u00e4v\u00e4 nahkaremmi sitoo linnun tiukasti paikoilleen.<\/p>\n<p>&nbsp;<\/p>\n<p><strong>Includes manual with instructions for playing, care and maintenance.<\/strong> The manual contains all the essentials about playing beginnings and flute caring. Pictured instructions for finger placements, notes and different scales. NOTE! Flute doesn't come with a bag. Flute bag is sold separately. <a href=\"https:\/\/mikamaa.fi\/en\/product\/huilupussi\/\">Move to product page of the flute bag here --&gt;<\/a><\/p>\n<p>&nbsp;<\/p>\n<p><strong><u>Specs:<\/u><\/strong><\/p>\n<p>&nbsp;<\/p>\n<ul>\n<li><strong>Key:<\/strong> A5<\/li>\n<li><strong>Tuning:<\/strong> Hijaz\/Phrygian dominant (440 hz)<\/li>\n<li><strong>Style:<\/strong> Single bore<\/li>\n<li><strong>Woods:<\/strong> Mahonki, Koivu<\/li>\n<li><strong>Finish:<\/strong> Oil wax, Carnauba wax polish<\/li>\n<li><strong>Inner diameter:<\/strong> 10 mm<\/li>\n<li><strong>Year of manufacture:<\/strong> 2025<\/li>\n<\/ul>\n<p>&nbsp;<\/p>\n<p><strong><u>Ergonomics:<\/u><\/strong><\/p>\n<p>&nbsp;<\/p>\n<ul>\n<li><strong>Total length of the flute:<\/strong> 25 cm<\/li>\n<li><strong>Distance from the blowing end to the top finger hole:<\/strong> 13 cm<\/li>\n<li><strong>Distance between the top and bottom finger holes:<\/strong> 7,6 cm<\/li>\n<li><strong>Largest finger hole diameter:<\/strong> 5 mm (1st hole)<\/li>\n<li><strong>Largest distance between finger holes for one hand:<\/strong> 16 mm (1st-2nd &amp; 2nd-3rd hole)<\/li>\n<\/ul>\n<p>&nbsp;<\/p>\n<p><strong>Sound sample with reverb effect:<\/strong><\/p>\n<audio class=\"wp-audio-shortcode\" id=\"audio-5525-1\" preload=\"none\" style=\"width: 100%;\" controls=\"controls\"><source type=\"audio\/mpeg\" src=\"https:\/\/mikamaa.fi\/wp-content\/uploads\/2025\/01\/A5_440hz_hijaz_FX_01.mp3?_=1\" \/><a href=\"https:\/\/mikamaa.fi\/wp-content\/uploads\/2025\/01\/A5_440hz_hijaz_FX_01.mp3\">https:\/\/mikamaa.fi\/wp-content\/uploads\/2025\/01\/A5_440hz_hijaz_FX_01.mp3<\/a><\/audio>\n<p>&nbsp;<\/p>\n<p><strong>Sound sample without effects (dry):<\/strong><\/p>\n<audio class=\"wp-audio-shortcode\" id=\"audio-5525-2\" preload=\"none\" style=\"width: 100%;\" controls=\"controls\"><source type=\"audio\/mpeg\" src=\"https:\/\/mikamaa.fi\/wp-content\/uploads\/2025\/01\/A5_440hz_hijaz_DRY_01.mp3?_=2\" \/><a href=\"https:\/\/mikamaa.fi\/wp-content\/uploads\/2025\/01\/A5_440hz_hijaz_DRY_01.mp3\">https:\/\/mikamaa.fi\/wp-content\/uploads\/2025\/01\/A5_440hz_hijaz_DRY_01.mp3<\/a><\/audio>\n<p>&nbsp;<\/p>\n<hr \/>","protected":false},"excerpt":{"rendered":"<p><span style=\"color: #ff0000;\">SOLD<\/span><\/p>","protected":false},"featured_media":5505,"template":"","meta":{"inline_featured_image":false,"site-sidebar-layout":"default","site-content-layout":"","ast-site-content-layout":"default","site-content-style":"default","site-sidebar-style":"default","ast-global-header-display":"","ast-banner-title-visibility":"","ast-main-header-display":"","ast-hfb-above-header-display":"","ast-hfb-below-header-display":"","ast-hfb-mobile-header-display":"","site-post-title":"","ast-breadcrumbs-content":"","ast-featured-img":"","footer-sml-layout":"","ast-disable-related-posts":"","theme-transparent-header-meta":"disabled","adv-header-id-meta":"","stick-header-meta":"","header-above-stick-meta":"","header-main-stick-meta":"","header-below-stick-meta":"","astra-migrate-meta-layouts":"set","ast-page-background-enabled":"default","ast-page-background-meta":{"desktop":{"background-color":"var(--ast-global-color-4)","background-image":"","background-repeat":"repeat","background-position":"center center","background-size":"auto","background-attachment":"scroll","background-type":"","background-media":"","overlay-type":"","overlay-color":"","overlay-opacity":"","overlay-gradient":""},"tablet":{"background-color":"","background-image":"","background-repeat":"repeat","background-position":"center center","background-size":"auto","background-attachment":"scroll","background-type":"","background-media":"","overlay-type":"","overlay-color":"","overlay-opacity":"","overlay-gradient":""},"mobile":{"background-color":"","background-image":"","background-repeat":"repeat","background-position":"center center","background-size":"auto","background-attachment":"scroll","background-type":"","background-media":"","overlay-type":"","overlay-color":"","overlay-opacity":"","overlay-gradient":""}},"ast-content-background-meta":{"desktop":{"background-color":"var(--ast-global-color-5)","background-image":"","background-repeat":"repeat","background-position":"center center","background-size":"auto","background-attachment":"scroll","background-type":"","background-media":"","overlay-type":"","overlay-color":"","overlay-opacity":"","overlay-gradient":""},"tablet":{"background-color":"var(--ast-global-color-5)","background-image":"","background-repeat":"repeat","background-position":"center center","background-size":"auto","background-attachment":"scroll","background-type":"","background-media":"","overlay-type":"","overlay-color":"","overlay-opacity":"","overlay-gradient":""},"mobile":{"background-color":"var(--ast-global-color-5)","background-image":"","background-repeat":"repeat","background-position":"center center","background-size":"auto","background-attachment":"scroll","background-type":"","background-media":"","overlay-type":"","overlay-color":"","overlay-opacity":"","overlay-gradient":""}}},"product_brand":[],"product_cat":[43],"product_tag":[],"class_list":{"0":"post-5525","1":"product","2":"type-product","3":"status-publish","4":"has-post-thumbnail","6":"product_cat-single-bore","7":"product_shipping_class-max-42cm","8":"desktop-align-center","9":"tablet-align-center","10":"mobile-align-center","12":"first","13":"outofstock","14":"sold-individually","15":"purchasable","16":"product-type-simple"},"yoast_head":"<!-- This site is optimized with the Yoast SEO plugin v27.3 - https:\/\/yoast.com\/product\/yoast-seo-wordpress\/ -->\n<title>A5 s\u00e4vellajin Natiivihuilu Hijaz &#8226; www.mikamaa.fi<\/title>\n<meta name=\"description\" content=\"www.mikamaa.fi Native American style flutes handmade in Finland\" \/>\n<meta name=\"robots\" content=\"index, follow, max-snippet:-1, max-image-preview:large, max-video-preview:-1\" \/>\n<link rel=\"canonical\" href=\"https:\/\/mikamaa.fi\/en\/product\/a5-natiivihuilu-hijaz\/\" \/>\n<meta property=\"og:locale\" content=\"en_US\" \/>\n<meta property=\"og:type\" content=\"article\" \/>\n<meta property=\"og:title\" content=\"A5 s\u00e4vellajin Natiivihuilu Hijaz &#8226; www.mikamaa.fi\" \/>\n<meta property=\"og:description\" content=\"www.mikamaa.fi Native American style flutes handmade in Finland\" \/>\n<meta property=\"og:url\" content=\"https:\/\/mikamaa.fi\/en\/product\/a5-natiivihuilu-hijaz\/\" \/>\n<meta property=\"og:site_name\" content=\"www.mikamaa.fi\" \/>\n<meta property=\"article:publisher\" content=\"https:\/\/www.facebook.com\/mikamaaflutes\/\" \/>\n<meta property=\"article:modified_time\" content=\"2025-02-01T08:30:29+00:00\" \/>\n<meta property=\"og:image\" content=\"https:\/\/mikamaa.fi\/wp-content\/uploads\/2025\/01\/A5_NAF_mahogany_hijaz_02.jpg\" \/>\n\t<meta property=\"og:image:width\" content=\"1000\" \/>\n\t<meta property=\"og:image:height\" content=\"1000\" \/>\n\t<meta property=\"og:image:type\" content=\"image\/jpeg\" \/>\n<meta name=\"twitter:card\" content=\"summary_large_image\" \/>\n<meta name=\"twitter:label1\" content=\"Est. reading time\" \/>\n\t<meta name=\"twitter:data1\" content=\"2 minutes\" \/>\n<script type=\"application\/ld+json\" class=\"yoast-schema-graph\">{\"@context\":\"https:\\\/\\\/schema.org\",\"@graph\":[{\"@type\":\"WebPage\",\"@id\":\"https:\\\/\\\/mikamaa.fi\\\/tuote\\\/a5-natiivihuilu-hijaz\\\/\",\"url\":\"https:\\\/\\\/mikamaa.fi\\\/tuote\\\/a5-natiivihuilu-hijaz\\\/\",\"name\":\"A5 s\u00e4vellajin Natiivihuilu Hijaz &#8226; www.mikamaa.fi\",\"isPartOf\":{\"@id\":\"https:\\\/\\\/mikamaa.fi\\\/#website\"},\"primaryImageOfPage\":{\"@id\":\"https:\\\/\\\/mikamaa.fi\\\/tuote\\\/a5-natiivihuilu-hijaz\\\/#primaryimage\"},\"image\":{\"@id\":\"https:\\\/\\\/mikamaa.fi\\\/tuote\\\/a5-natiivihuilu-hijaz\\\/#primaryimage\"},\"thumbnailUrl\":\"https:\\\/\\\/mikamaa.fi\\\/wp-content\\\/uploads\\\/2025\\\/01\\\/A5_NAF_mahogany_hijaz_02.jpg\",\"datePublished\":\"2025-01-29T14:09:30+00:00\",\"dateModified\":\"2025-02-01T08:30:29+00:00\",\"description\":\"www.mikamaa.fi Native American style flutes handmade in Finland\",\"breadcrumb\":{\"@id\":\"https:\\\/\\\/mikamaa.fi\\\/tuote\\\/a5-natiivihuilu-hijaz\\\/#breadcrumb\"},\"inLanguage\":\"en-US\",\"potentialAction\":[{\"@type\":\"ReadAction\",\"target\":[\"https:\\\/\\\/mikamaa.fi\\\/tuote\\\/a5-natiivihuilu-hijaz\\\/\"]}]},{\"@type\":\"ImageObject\",\"inLanguage\":\"en-US\",\"@id\":\"https:\\\/\\\/mikamaa.fi\\\/tuote\\\/a5-natiivihuilu-hijaz\\\/#primaryimage\",\"url\":\"https:\\\/\\\/mikamaa.fi\\\/wp-content\\\/uploads\\\/2025\\\/01\\\/A5_NAF_mahogany_hijaz_02.jpg\",\"contentUrl\":\"https:\\\/\\\/mikamaa.fi\\\/wp-content\\\/uploads\\\/2025\\\/01\\\/A5_NAF_mahogany_hijaz_02.jpg\",\"width\":1000,\"height\":1000},{\"@type\":\"BreadcrumbList\",\"@id\":\"https:\\\/\\\/mikamaa.fi\\\/tuote\\\/a5-natiivihuilu-hijaz\\\/#breadcrumb\",\"itemListElement\":[{\"@type\":\"ListItem\",\"position\":1,\"name\":\"Home\",\"item\":\"https:\\\/\\\/mikamaa.fi\\\/\"},{\"@type\":\"ListItem\",\"position\":2,\"name\":\"Kauppa\",\"item\":\"https:\\\/\\\/mikamaa.fi\\\/kauppa\\\/\"},{\"@type\":\"ListItem\",\"position\":3,\"name\":\"A5 s\u00e4vellajin Natiivihuilu Hijaz\"}]},{\"@type\":\"WebSite\",\"@id\":\"https:\\\/\\\/mikamaa.fi\\\/#website\",\"url\":\"https:\\\/\\\/mikamaa.fi\\\/\",\"name\":\"www.mikamaa.fi\",\"description\":\"Woodwinds &amp; Handcrafts\",\"publisher\":{\"@id\":\"https:\\\/\\\/mikamaa.fi\\\/#organization\"},\"potentialAction\":[{\"@type\":\"SearchAction\",\"target\":{\"@type\":\"EntryPoint\",\"urlTemplate\":\"https:\\\/\\\/mikamaa.fi\\\/?s={search_term_string}\"},\"query-input\":{\"@type\":\"PropertyValueSpecification\",\"valueRequired\":true,\"valueName\":\"search_term_string\"}}],\"inLanguage\":\"en-US\"},{\"@type\":\"Organization\",\"@id\":\"https:\\\/\\\/mikamaa.fi\\\/#organization\",\"name\":\"www.mikamaa.fi\",\"url\":\"https:\\\/\\\/mikamaa.fi\\\/\",\"logo\":{\"@type\":\"ImageObject\",\"inLanguage\":\"en-US\",\"@id\":\"https:\\\/\\\/mikamaa.fi\\\/#\\\/schema\\\/logo\\\/image\\\/\",\"url\":\"https:\\\/\\\/mikamaa.fi\\\/wp-content\\\/uploads\\\/2024\\\/05\\\/MG_9608-scaled.jpg\",\"contentUrl\":\"https:\\\/\\\/mikamaa.fi\\\/wp-content\\\/uploads\\\/2024\\\/05\\\/MG_9608-scaled.jpg\",\"width\":2560,\"height\":2560,\"caption\":\"www.mikamaa.fi\"},\"image\":{\"@id\":\"https:\\\/\\\/mikamaa.fi\\\/#\\\/schema\\\/logo\\\/image\\\/\"},\"sameAs\":[\"https:\\\/\\\/www.facebook.com\\\/mikamaaflutes\\\/\",\"https:\\\/\\\/www.instagram.com\\\/mikamaaflutes\\\/\",\"https:\\\/\\\/www.youtube.com\\\/channel\\\/UC7s-o815hfSp1q_IYa_HigA\",\"https:\\\/\\\/www.tiktok.com\\\/@mikamaaflutes\"]}]}<\/script>\n<!-- \/ Yoast SEO plugin. -->","yoast_head_json":{"title":"A5 s\u00e4vellajin Natiivihuilu Hijaz &#8226; www.mikamaa.fi","description":"www.mikamaa.fi Native American style flutes handmade in Finland","robots":{"index":"index","follow":"follow","max-snippet":"max-snippet:-1","max-image-preview":"max-image-preview:large","max-video-preview":"max-video-preview:-1"},"canonical":"https:\/\/mikamaa.fi\/en\/product\/a5-natiivihuilu-hijaz\/","og_locale":"en_US","og_type":"article","og_title":"A5 s\u00e4vellajin Natiivihuilu Hijaz &#8226; www.mikamaa.fi","og_description":"www.mikamaa.fi Native American style flutes handmade in Finland","og_url":"https:\/\/mikamaa.fi\/en\/product\/a5-natiivihuilu-hijaz\/","og_site_name":"www.mikamaa.fi","article_publisher":"https:\/\/www.facebook.com\/mikamaaflutes\/","article_modified_time":"2025-02-01T08:30:29+00:00","og_image":[{"width":1000,"height":1000,"url":"https:\/\/mikamaa.fi\/wp-content\/uploads\/2025\/01\/A5_NAF_mahogany_hijaz_02.jpg","type":"image\/jpeg"}],"twitter_card":"summary_large_image","twitter_misc":{"Est. reading time":"2 minutes"},"schema":{"@context":"https:\/\/schema.org","@graph":[{"@type":"WebPage","@id":"https:\/\/mikamaa.fi\/tuote\/a5-natiivihuilu-hijaz\/","url":"https:\/\/mikamaa.fi\/tuote\/a5-natiivihuilu-hijaz\/","name":"A5 s\u00e4vellajin Natiivihuilu Hijaz &#8226; www.mikamaa.fi","isPartOf":{"@id":"https:\/\/mikamaa.fi\/#website"},"primaryImageOfPage":{"@id":"https:\/\/mikamaa.fi\/tuote\/a5-natiivihuilu-hijaz\/#primaryimage"},"image":{"@id":"https:\/\/mikamaa.fi\/tuote\/a5-natiivihuilu-hijaz\/#primaryimage"},"thumbnailUrl":"https:\/\/mikamaa.fi\/wp-content\/uploads\/2025\/01\/A5_NAF_mahogany_hijaz_02.jpg","datePublished":"2025-01-29T14:09:30+00:00","dateModified":"2025-02-01T08:30:29+00:00","description":"www.mikamaa.fi Native American style flutes handmade in Finland","breadcrumb":{"@id":"https:\/\/mikamaa.fi\/tuote\/a5-natiivihuilu-hijaz\/#breadcrumb"},"inLanguage":"en-US","potentialAction":[{"@type":"ReadAction","target":["https:\/\/mikamaa.fi\/tuote\/a5-natiivihuilu-hijaz\/"]}]},{"@type":"ImageObject","inLanguage":"en-US","@id":"https:\/\/mikamaa.fi\/tuote\/a5-natiivihuilu-hijaz\/#primaryimage","url":"https:\/\/mikamaa.fi\/wp-content\/uploads\/2025\/01\/A5_NAF_mahogany_hijaz_02.jpg","contentUrl":"https:\/\/mikamaa.fi\/wp-content\/uploads\/2025\/01\/A5_NAF_mahogany_hijaz_02.jpg","width":1000,"height":1000},{"@type":"BreadcrumbList","@id":"https:\/\/mikamaa.fi\/tuote\/a5-natiivihuilu-hijaz\/#breadcrumb","itemListElement":[{"@type":"ListItem","position":1,"name":"Home","item":"https:\/\/mikamaa.fi\/"},{"@type":"ListItem","position":2,"name":"Kauppa","item":"https:\/\/mikamaa.fi\/kauppa\/"},{"@type":"ListItem","position":3,"name":"A5 s\u00e4vellajin Natiivihuilu Hijaz"}]},{"@type":"WebSite","@id":"https:\/\/mikamaa.fi\/#website","url":"https:\/\/mikamaa.fi\/","name":"www.mikamaa.fi","description":"Woodwinds &amp; Handcrafts","publisher":{"@id":"https:\/\/mikamaa.fi\/#organization"},"potentialAction":[{"@type":"SearchAction","target":{"@type":"EntryPoint","urlTemplate":"https:\/\/mikamaa.fi\/?s={search_term_string}"},"query-input":{"@type":"PropertyValueSpecification","valueRequired":true,"valueName":"search_term_string"}}],"inLanguage":"en-US"},{"@type":"Organization","@id":"https:\/\/mikamaa.fi\/#organization","name":"www.mikamaa.fi","url":"https:\/\/mikamaa.fi\/","logo":{"@type":"ImageObject","inLanguage":"en-US","@id":"https:\/\/mikamaa.fi\/#\/schema\/logo\/image\/","url":"https:\/\/mikamaa.fi\/wp-content\/uploads\/2024\/05\/MG_9608-scaled.jpg","contentUrl":"https:\/\/mikamaa.fi\/wp-content\/uploads\/2024\/05\/MG_9608-scaled.jpg","width":2560,"height":2560,"caption":"www.mikamaa.fi"},"image":{"@id":"https:\/\/mikamaa.fi\/#\/schema\/logo\/image\/"},"sameAs":["https:\/\/www.facebook.com\/mikamaaflutes\/","https:\/\/www.instagram.com\/mikamaaflutes\/","https:\/\/www.youtube.com\/channel\/UC7s-o815hfSp1q_IYa_HigA","https:\/\/www.tiktok.com\/@mikamaaflutes"]}]}},"_links":{"self":[{"href":"https:\/\/mikamaa.fi\/en\/wp-json\/wp\/v2\/product\/5525","targetHints":{"allow":["GET"]}}],"collection":[{"href":"https:\/\/mikamaa.fi\/en\/wp-json\/wp\/v2\/product"}],"about":[{"href":"https:\/\/mikamaa.fi\/en\/wp-json\/wp\/v2\/types\/product"}],"version-history":[{"count":0,"href":"https:\/\/mikamaa.fi\/en\/wp-json\/wp\/v2\/product\/5525\/revisions"}],"wp:featuredmedia":[{"embeddable":true,"href":"https:\/\/mikamaa.fi\/en\/wp-json\/wp\/v2\/media\/5505"}],"wp:attachment":[{"href":"https:\/\/mikamaa.fi\/en\/wp-json\/wp\/v2\/media?parent=5525"}],"wp:term":[{"taxonomy":"product_brand","embeddable":true,"href":"https:\/\/mikamaa.fi\/en\/wp-json\/wp\/v2\/product_brand?post=5525"},{"taxonomy":"product_cat","embeddable":true,"href":"https:\/\/mikamaa.fi\/en\/wp-json\/wp\/v2\/product_cat?post=5525"},{"taxonomy":"product_tag","embeddable":true,"href":"https:\/\/mikamaa.fi\/en\/wp-json\/wp\/v2\/product_tag?post=5525"}],"curies":[{"name":"wp","href":"https:\/\/api.w.org\/{rel}","templated":true}]}}