{"id":5828,"date":"2025-08-18T21:01:15","date_gmt":"2025-08-18T19:01:15","guid":{"rendered":"https:\/\/mikamaa.fi\/?post_type=product&#038;p=5828"},"modified":"2025-08-18T22:34:22","modified_gmt":"2025-08-18T20:34:22","slug":"natiivihuilu-koivu-pieni-a5-c5","status":"publish","type":"product","link":"https:\/\/mikamaa.fi\/en\/product\/natiivihuilu-koivu-pieni-a5-c5\/","title":{"rendered":"Natiivihuilu Koivu pieni A5-C5"},"content":{"rendered":"<p>&nbsp;<\/p>\n<hr \/>\n<p style=\"text-align: center;\"><strong>MADE TO ORDER<\/strong><\/p>\n<p>&nbsp;<\/p>\n<p style=\"text-align: center;\">Available only on backorder!<\/p>\n<p>&nbsp;<\/p>\n<p style=\"text-align: center;\">T\u00e4t\u00e4 huilua ei ole saatavilla valmiina varastosta, vaan se valmistetaan ainoastaan tilauksesta. Ostaessasi t\u00e4m\u00e4n tuotteen, aloitamme sen valmistamisen mahdollisimman pian tilauksestasi ja l\u00e4het\u00e4mme sen kun tuote on valmis. Aikaa valmistumiseen menee yleens\u00e4 n. 3-8 viikkoa, riippuen tilaust\u00f6iden m\u00e4\u00e4r\u00e4st\u00e4 ja tilauksesi ajankohdasta. Kerromme tarkemman valmistumisajan s\u00e4hk\u00f6postitse tilauksen vastaanottamisen ja ty\u00f6n aloittamisen yhteydess\u00e4.<\/p>\n<p>&nbsp;<\/p>\n<hr \/>\n<p>&nbsp;<\/p>\n<p>&nbsp;<\/p>\n<p><strong>Natiiviamerikkalaishuilu iso s\u00e4vellajeissa A5-C5.<\/strong> Viritetty pentatoniseen molli s\u00e4velasteikkoon. Vire saatavana 440 hz tai 432 hz.<\/p>\n<p>&nbsp;<\/p>\n<p><strong>Suitable for beginners and experienced players.<\/strong> This small-sized flute is ideal for everyone. One of the best choice as a first flute for its easy playability and ergonomic design.<\/p>\n<p>&nbsp;<\/p>\n<p><strong>Crafted from selected materials.<\/strong> Huilu valmistettu koivusta. Kaikki huilut valmistetaan vain soitinrakennuskuivista puista. Laadukas ja kest\u00e4v\u00e4 nahkaremmi sitoo linnun tiukasti paikoilleen.<\/p>\n<p>&nbsp;<\/p>\n<p><strong>Includes manual with instructions for playing, care and maintenance.<\/strong> The manual contains all the essentials about playing beginnings and flute caring. Pictured instructions for finger placements, notes and different scales. NOTE! Flute doesn't come with a bag. Flute bag is sold separately. <a href=\"https:\/\/mikamaa.fi\/en\/product\/huilupussi\/\">Move to product page of the flute bag here --&gt;<\/a><\/p>\n<p>&nbsp;<\/p>\n<p><strong><u>Specs:<\/u><\/strong><\/p>\n<p>&nbsp;<\/p>\n<ul>\n<li><strong>Key:<\/strong> A5-C5<\/li>\n<li><strong>Tuning:<\/strong> Pentatonic minor (440 hz or 432 hz)<\/li>\n<li><strong>Style:<\/strong> Single bore<\/li>\n<li><strong>Woods:<\/strong> Birch<\/li>\n<li><strong>Finish:<\/strong> Oil wax, Carnauba wax polish<\/li>\n<li><strong>Inner diameter:<\/strong> 10 mm &#8211; 16 mm<\/li>\n<\/ul>\n<p>&nbsp;<\/p>\n<p><strong><u>Ergonomics:<\/u><\/strong><\/p>\n<p>&nbsp;<\/p>\n<ul>\n<li><strong>Total length of the flute:<\/strong> riippuu s\u00e4vellajista\/koosta<\/li>\n<li><strong>Distance from the blowing end to the top finger hole:<\/strong> riippuu s\u00e4vellajista\/koosta<\/li>\n<li><strong>Distance between the top and bottom finger holes:<\/strong> riippuu s\u00e4vellajista\/koosta<\/li>\n<li><strong>Largest finger hole diameter:<\/strong> riippuu s\u00e4vellajista\/koosta<\/li>\n<li><strong>Largest distance between finger holes for one hand:<\/strong> riippuu s\u00e4vellajista\/koosta<\/li>\n<\/ul>\n<p>&nbsp;<\/p>\n<p><strong>Sound sample with reverb effect:<\/strong><\/p>\n<p>TULOSSA<\/p>\n<p><strong>Sound sample without effects (dry):<\/strong><\/p>\n<p>TULOSSA<\/p>\n<hr \/>","protected":false},"excerpt":{"rendered":"<p><span style=\"color: #ffcc00;\">MADE TO ORDER<\/span><\/p>","protected":false},"featured_media":5733,"template":"","meta":{"inline_featured_image":false,"site-sidebar-layout":"default","site-content-layout":"","ast-site-content-layout":"default","site-content-style":"default","site-sidebar-style":"default","ast-global-header-display":"","ast-banner-title-visibility":"","ast-main-header-display":"","ast-hfb-above-header-display":"","ast-hfb-below-header-display":"","ast-hfb-mobile-header-display":"","site-post-title":"","ast-breadcrumbs-content":"","ast-featured-img":"","footer-sml-layout":"","ast-disable-related-posts":"","theme-transparent-header-meta":"disabled","adv-header-id-meta":"","stick-header-meta":"","header-above-stick-meta":"","header-main-stick-meta":"","header-below-stick-meta":"","astra-migrate-meta-layouts":"set","ast-page-background-enabled":"default","ast-page-background-meta":{"desktop":{"background-color":"var(--ast-global-color-4)","background-image":"","background-repeat":"repeat","background-position":"center center","background-size":"auto","background-attachment":"scroll","background-type":"","background-media":"","overlay-type":"","overlay-color":"","overlay-opacity":"","overlay-gradient":""},"tablet":{"background-color":"","background-image":"","background-repeat":"repeat","background-position":"center center","background-size":"auto","background-attachment":"scroll","background-type":"","background-media":"","overlay-type":"","overlay-color":"","overlay-opacity":"","overlay-gradient":""},"mobile":{"background-color":"","background-image":"","background-repeat":"repeat","background-position":"center center","background-size":"auto","background-attachment":"scroll","background-type":"","background-media":"","overlay-type":"","overlay-color":"","overlay-opacity":"","overlay-gradient":""}},"ast-content-background-meta":{"desktop":{"background-color":"var(--ast-global-color-5)","background-image":"","background-repeat":"repeat","background-position":"center center","background-size":"auto","background-attachment":"scroll","background-type":"","background-media":"","overlay-type":"","overlay-color":"","overlay-opacity":"","overlay-gradient":""},"tablet":{"background-color":"var(--ast-global-color-5)","background-image":"","background-repeat":"repeat","background-position":"center center","background-size":"auto","background-attachment":"scroll","background-type":"","background-media":"","overlay-type":"","overlay-color":"","overlay-opacity":"","overlay-gradient":""},"mobile":{"background-color":"var(--ast-global-color-5)","background-image":"","background-repeat":"repeat","background-position":"center center","background-size":"auto","background-attachment":"scroll","background-type":"","background-media":"","overlay-type":"","overlay-color":"","overlay-opacity":"","overlay-gradient":""}}},"product_brand":[],"product_cat":[43,66],"product_tag":[62],"class_list":{"0":"post-5828","1":"product","2":"type-product","3":"status-publish","4":"has-post-thumbnail","6":"product_cat-single-bore","7":"product_cat-tehdaan-tilauksesta","8":"product_tag-made-to-order","9":"product_shipping_class-max-60cm","10":"desktop-align-center","11":"tablet-align-center","12":"mobile-align-center","14":"first","15":"onbackorder","16":"featured","17":"taxable","18":"shipping-taxable","19":"purchasable","20":"product-type-variable","21":"has-default-attributes"},"yoast_head":"<!-- This site is optimized with the Yoast SEO plugin v27.4 - https:\/\/yoast.com\/product\/yoast-seo-wordpress\/ -->\n<title>Natiivihuilu Koivu pieni A5-C5 &#8226; www.mikamaa.fi<\/title>\n<meta name=\"description\" content=\"www.mikamaa.fi | Huilu | Natiiviamerikkalaiset huilut kotimaisena k\u00e4sity\u00f6n\u00e4 | Native American style flutes handmade in Finland\" \/>\n<meta name=\"robots\" content=\"index, follow, max-snippet:-1, max-image-preview:large, max-video-preview:-1\" \/>\n<link rel=\"canonical\" href=\"https:\/\/mikamaa.fi\/en\/product\/natiivihuilu-koivu-pieni-a5-c5\/\" \/>\n<meta property=\"og:locale\" content=\"en_US\" \/>\n<meta property=\"og:type\" content=\"article\" \/>\n<meta property=\"og:title\" content=\"Natiivihuilu Koivu pieni A5-C5 &#8226; www.mikamaa.fi\" \/>\n<meta property=\"og:description\" content=\"www.mikamaa.fi | Huilu | Natiiviamerikkalaiset huilut kotimaisena k\u00e4sity\u00f6n\u00e4 | Native American style flutes handmade in Finland\" \/>\n<meta property=\"og:url\" content=\"https:\/\/mikamaa.fi\/en\/product\/natiivihuilu-koivu-pieni-a5-c5\/\" \/>\n<meta property=\"og:site_name\" content=\"www.mikamaa.fi\" \/>\n<meta property=\"article:publisher\" content=\"https:\/\/www.facebook.com\/mikamaaflutes\/\" \/>\n<meta property=\"article:modified_time\" content=\"2025-08-18T20:34:22+00:00\" \/>\n<meta property=\"og:image\" content=\"https:\/\/mikamaa.fi\/wp-content\/uploads\/2025\/08\/A4_NAF_birch_pentatonicminor_2-3.jpg\" \/>\n\t<meta property=\"og:image:width\" content=\"1000\" \/>\n\t<meta property=\"og:image:height\" content=\"1000\" \/>\n\t<meta property=\"og:image:type\" content=\"image\/jpeg\" \/>\n<meta name=\"twitter:card\" content=\"summary_large_image\" \/>\n<meta name=\"twitter:label1\" content=\"Est. reading time\" \/>\n\t<meta name=\"twitter:data1\" content=\"2 minutes\" \/>\n<script type=\"application\/ld+json\" class=\"yoast-schema-graph\">{\"@context\":\"https:\\\/\\\/schema.org\",\"@graph\":[{\"@type\":\"WebPage\",\"@id\":\"https:\\\/\\\/mikamaa.fi\\\/tuote\\\/natiivihuilu-koivu-pieni-a5-c5\\\/\",\"url\":\"https:\\\/\\\/mikamaa.fi\\\/tuote\\\/natiivihuilu-koivu-pieni-a5-c5\\\/\",\"name\":\"Natiivihuilu Koivu pieni A5-C5 &#8226; www.mikamaa.fi\",\"isPartOf\":{\"@id\":\"https:\\\/\\\/mikamaa.fi\\\/#website\"},\"primaryImageOfPage\":{\"@id\":\"https:\\\/\\\/mikamaa.fi\\\/tuote\\\/natiivihuilu-koivu-pieni-a5-c5\\\/#primaryimage\"},\"image\":{\"@id\":\"https:\\\/\\\/mikamaa.fi\\\/tuote\\\/natiivihuilu-koivu-pieni-a5-c5\\\/#primaryimage\"},\"thumbnailUrl\":\"https:\\\/\\\/mikamaa.fi\\\/wp-content\\\/uploads\\\/2025\\\/08\\\/A4_NAF_birch_pentatonicminor_2-3.jpg\",\"datePublished\":\"2025-08-18T19:01:15+00:00\",\"dateModified\":\"2025-08-18T20:34:22+00:00\",\"description\":\"www.mikamaa.fi | Huilu | Natiiviamerikkalaiset huilut kotimaisena k\u00e4sity\u00f6n\u00e4 | Native American style flutes handmade in Finland\",\"breadcrumb\":{\"@id\":\"https:\\\/\\\/mikamaa.fi\\\/tuote\\\/natiivihuilu-koivu-pieni-a5-c5\\\/#breadcrumb\"},\"inLanguage\":\"en-US\",\"potentialAction\":[{\"@type\":\"ReadAction\",\"target\":[\"https:\\\/\\\/mikamaa.fi\\\/tuote\\\/natiivihuilu-koivu-pieni-a5-c5\\\/\"]}]},{\"@type\":\"ImageObject\",\"inLanguage\":\"en-US\",\"@id\":\"https:\\\/\\\/mikamaa.fi\\\/tuote\\\/natiivihuilu-koivu-pieni-a5-c5\\\/#primaryimage\",\"url\":\"https:\\\/\\\/mikamaa.fi\\\/wp-content\\\/uploads\\\/2025\\\/08\\\/A4_NAF_birch_pentatonicminor_2-3.jpg\",\"contentUrl\":\"https:\\\/\\\/mikamaa.fi\\\/wp-content\\\/uploads\\\/2025\\\/08\\\/A4_NAF_birch_pentatonicminor_2-3.jpg\",\"width\":1000,\"height\":1000},{\"@type\":\"BreadcrumbList\",\"@id\":\"https:\\\/\\\/mikamaa.fi\\\/tuote\\\/natiivihuilu-koivu-pieni-a5-c5\\\/#breadcrumb\",\"itemListElement\":[{\"@type\":\"ListItem\",\"position\":1,\"name\":\"Home\",\"item\":\"https:\\\/\\\/mikamaa.fi\\\/\"},{\"@type\":\"ListItem\",\"position\":2,\"name\":\"Kauppa\",\"item\":\"https:\\\/\\\/mikamaa.fi\\\/kauppa\\\/\"},{\"@type\":\"ListItem\",\"position\":3,\"name\":\"Natiivihuilu Koivu pieni A5-C5\"}]},{\"@type\":\"WebSite\",\"@id\":\"https:\\\/\\\/mikamaa.fi\\\/#website\",\"url\":\"https:\\\/\\\/mikamaa.fi\\\/\",\"name\":\"www.mikamaa.fi\",\"description\":\"Woodwinds &amp; Handcrafts\",\"publisher\":{\"@id\":\"https:\\\/\\\/mikamaa.fi\\\/#organization\"},\"potentialAction\":[{\"@type\":\"SearchAction\",\"target\":{\"@type\":\"EntryPoint\",\"urlTemplate\":\"https:\\\/\\\/mikamaa.fi\\\/?s={search_term_string}\"},\"query-input\":{\"@type\":\"PropertyValueSpecification\",\"valueRequired\":true,\"valueName\":\"search_term_string\"}}],\"inLanguage\":\"en-US\"},{\"@type\":\"Organization\",\"@id\":\"https:\\\/\\\/mikamaa.fi\\\/#organization\",\"name\":\"www.mikamaa.fi\",\"url\":\"https:\\\/\\\/mikamaa.fi\\\/\",\"logo\":{\"@type\":\"ImageObject\",\"inLanguage\":\"en-US\",\"@id\":\"https:\\\/\\\/mikamaa.fi\\\/#\\\/schema\\\/logo\\\/image\\\/\",\"url\":\"https:\\\/\\\/mikamaa.fi\\\/wp-content\\\/uploads\\\/2024\\\/05\\\/MG_9608-scaled.jpg\",\"contentUrl\":\"https:\\\/\\\/mikamaa.fi\\\/wp-content\\\/uploads\\\/2024\\\/05\\\/MG_9608-scaled.jpg\",\"width\":2560,\"height\":2560,\"caption\":\"www.mikamaa.fi\"},\"image\":{\"@id\":\"https:\\\/\\\/mikamaa.fi\\\/#\\\/schema\\\/logo\\\/image\\\/\"},\"sameAs\":[\"https:\\\/\\\/www.facebook.com\\\/mikamaaflutes\\\/\",\"https:\\\/\\\/www.instagram.com\\\/mikamaaflutes\\\/\",\"https:\\\/\\\/www.youtube.com\\\/channel\\\/UC7s-o815hfSp1q_IYa_HigA\",\"https:\\\/\\\/www.tiktok.com\\\/@mikamaaflutes\"]}]}<\/script>\n<!-- \/ Yoast SEO plugin. -->","yoast_head_json":{"title":"Natiivihuilu Koivu pieni A5-C5 &#8226; www.mikamaa.fi","description":"www.mikamaa.fi | Huilu | Natiiviamerikkalaiset huilut kotimaisena k\u00e4sity\u00f6n\u00e4 | Native American style flutes handmade in Finland","robots":{"index":"index","follow":"follow","max-snippet":"max-snippet:-1","max-image-preview":"max-image-preview:large","max-video-preview":"max-video-preview:-1"},"canonical":"https:\/\/mikamaa.fi\/en\/product\/natiivihuilu-koivu-pieni-a5-c5\/","og_locale":"en_US","og_type":"article","og_title":"Natiivihuilu Koivu pieni A5-C5 &#8226; www.mikamaa.fi","og_description":"www.mikamaa.fi | Huilu | Natiiviamerikkalaiset huilut kotimaisena k\u00e4sity\u00f6n\u00e4 | Native American style flutes handmade in Finland","og_url":"https:\/\/mikamaa.fi\/en\/product\/natiivihuilu-koivu-pieni-a5-c5\/","og_site_name":"www.mikamaa.fi","article_publisher":"https:\/\/www.facebook.com\/mikamaaflutes\/","article_modified_time":"2025-08-18T20:34:22+00:00","og_image":[{"width":1000,"height":1000,"url":"https:\/\/mikamaa.fi\/wp-content\/uploads\/2025\/08\/A4_NAF_birch_pentatonicminor_2-3.jpg","type":"image\/jpeg"}],"twitter_card":"summary_large_image","twitter_misc":{"Est. reading time":"2 minutes"},"schema":{"@context":"https:\/\/schema.org","@graph":[{"@type":"WebPage","@id":"https:\/\/mikamaa.fi\/tuote\/natiivihuilu-koivu-pieni-a5-c5\/","url":"https:\/\/mikamaa.fi\/tuote\/natiivihuilu-koivu-pieni-a5-c5\/","name":"Natiivihuilu Koivu pieni A5-C5 &#8226; www.mikamaa.fi","isPartOf":{"@id":"https:\/\/mikamaa.fi\/#website"},"primaryImageOfPage":{"@id":"https:\/\/mikamaa.fi\/tuote\/natiivihuilu-koivu-pieni-a5-c5\/#primaryimage"},"image":{"@id":"https:\/\/mikamaa.fi\/tuote\/natiivihuilu-koivu-pieni-a5-c5\/#primaryimage"},"thumbnailUrl":"https:\/\/mikamaa.fi\/wp-content\/uploads\/2025\/08\/A4_NAF_birch_pentatonicminor_2-3.jpg","datePublished":"2025-08-18T19:01:15+00:00","dateModified":"2025-08-18T20:34:22+00:00","description":"www.mikamaa.fi | Huilu | Natiiviamerikkalaiset huilut kotimaisena k\u00e4sity\u00f6n\u00e4 | Native American style flutes handmade in Finland","breadcrumb":{"@id":"https:\/\/mikamaa.fi\/tuote\/natiivihuilu-koivu-pieni-a5-c5\/#breadcrumb"},"inLanguage":"en-US","potentialAction":[{"@type":"ReadAction","target":["https:\/\/mikamaa.fi\/tuote\/natiivihuilu-koivu-pieni-a5-c5\/"]}]},{"@type":"ImageObject","inLanguage":"en-US","@id":"https:\/\/mikamaa.fi\/tuote\/natiivihuilu-koivu-pieni-a5-c5\/#primaryimage","url":"https:\/\/mikamaa.fi\/wp-content\/uploads\/2025\/08\/A4_NAF_birch_pentatonicminor_2-3.jpg","contentUrl":"https:\/\/mikamaa.fi\/wp-content\/uploads\/2025\/08\/A4_NAF_birch_pentatonicminor_2-3.jpg","width":1000,"height":1000},{"@type":"BreadcrumbList","@id":"https:\/\/mikamaa.fi\/tuote\/natiivihuilu-koivu-pieni-a5-c5\/#breadcrumb","itemListElement":[{"@type":"ListItem","position":1,"name":"Home","item":"https:\/\/mikamaa.fi\/"},{"@type":"ListItem","position":2,"name":"Kauppa","item":"https:\/\/mikamaa.fi\/kauppa\/"},{"@type":"ListItem","position":3,"name":"Natiivihuilu Koivu pieni A5-C5"}]},{"@type":"WebSite","@id":"https:\/\/mikamaa.fi\/#website","url":"https:\/\/mikamaa.fi\/","name":"www.mikamaa.fi","description":"Woodwinds &amp; Handcrafts","publisher":{"@id":"https:\/\/mikamaa.fi\/#organization"},"potentialAction":[{"@type":"SearchAction","target":{"@type":"EntryPoint","urlTemplate":"https:\/\/mikamaa.fi\/?s={search_term_string}"},"query-input":{"@type":"PropertyValueSpecification","valueRequired":true,"valueName":"search_term_string"}}],"inLanguage":"en-US"},{"@type":"Organization","@id":"https:\/\/mikamaa.fi\/#organization","name":"www.mikamaa.fi","url":"https:\/\/mikamaa.fi\/","logo":{"@type":"ImageObject","inLanguage":"en-US","@id":"https:\/\/mikamaa.fi\/#\/schema\/logo\/image\/","url":"https:\/\/mikamaa.fi\/wp-content\/uploads\/2024\/05\/MG_9608-scaled.jpg","contentUrl":"https:\/\/mikamaa.fi\/wp-content\/uploads\/2024\/05\/MG_9608-scaled.jpg","width":2560,"height":2560,"caption":"www.mikamaa.fi"},"image":{"@id":"https:\/\/mikamaa.fi\/#\/schema\/logo\/image\/"},"sameAs":["https:\/\/www.facebook.com\/mikamaaflutes\/","https:\/\/www.instagram.com\/mikamaaflutes\/","https:\/\/www.youtube.com\/channel\/UC7s-o815hfSp1q_IYa_HigA","https:\/\/www.tiktok.com\/@mikamaaflutes"]}]}},"_links":{"self":[{"href":"https:\/\/mikamaa.fi\/en\/wp-json\/wp\/v2\/product\/5828","targetHints":{"allow":["GET"]}}],"collection":[{"href":"https:\/\/mikamaa.fi\/en\/wp-json\/wp\/v2\/product"}],"about":[{"href":"https:\/\/mikamaa.fi\/en\/wp-json\/wp\/v2\/types\/product"}],"version-history":[{"count":3,"href":"https:\/\/mikamaa.fi\/en\/wp-json\/wp\/v2\/product\/5828\/revisions"}],"predecessor-version":[{"id":5954,"href":"https:\/\/mikamaa.fi\/en\/wp-json\/wp\/v2\/product\/5828\/revisions\/5954"}],"wp:featuredmedia":[{"embeddable":true,"href":"https:\/\/mikamaa.fi\/en\/wp-json\/wp\/v2\/media\/5733"}],"wp:attachment":[{"href":"https:\/\/mikamaa.fi\/en\/wp-json\/wp\/v2\/media?parent=5828"}],"wp:term":[{"taxonomy":"product_brand","embeddable":true,"href":"https:\/\/mikamaa.fi\/en\/wp-json\/wp\/v2\/product_brand?post=5828"},{"taxonomy":"product_cat","embeddable":true,"href":"https:\/\/mikamaa.fi\/en\/wp-json\/wp\/v2\/product_cat?post=5828"},{"taxonomy":"product_tag","embeddable":true,"href":"https:\/\/mikamaa.fi\/en\/wp-json\/wp\/v2\/product_tag?post=5828"}],"curies":[{"name":"wp","href":"https:\/\/api.w.org\/{rel}","templated":true}]}}