{"id":5976,"date":"2025-10-07T09:49:17","date_gmt":"2025-10-07T07:49:17","guid":{"rendered":"https:\/\/mikamaa.fi\/?post_type=product&#038;p=5976"},"modified":"2026-04-21T18:00:19","modified_gmt":"2026-04-21T16:00:19","slug":"a4-savellajin-natiivihuilu-triple-drone","status":"publish","type":"product","link":"https:\/\/mikamaa.fi\/en\/product\/a4-savellajin-natiivihuilu-triple-drone\/","title":{"rendered":"A4 s\u00e4vellajin Natiivihuilu triple drone"},"content":{"rendered":"<p><strong>Native American style flute in the key of A4.<\/strong> Semi-high and mellow sound frequency. Tuned to pentatonic minor scale. One of the most popular key in Native American style flutes.<\/p>\n<p>&nbsp;<\/p>\n<p><strong>Triple drone.<\/strong> Huilu on tyylilt\u00e4\u00e4n triple drone eli siin\u00e4 on kolme soivaa osaa; keskell\u00e4 melodiapuoli ja sivuilla dronepuoli ja harmoniapuoli. Melodiapuolelta l\u00f6ytyv\u00e4t sormirei\u00e4t huilulle tyypilliseen tapaan. Dronepuolella ei ole yleens\u00e4 ole sormireiki\u00e4, joten sill\u00e4 voi soittaa matalinta juuris\u00e4velt\u00e4 (A4) ja kovempaa puhallettaessa juuris\u00e4velen oktaavia (A5). Harmoniapuolelta l\u00f6ytyy yleens\u00e4 kolme sormireik\u00e4\u00e4, joilla voi soittaa harmonioita melodiapuolen kanssa. Huilussa on kolme eri puhallusreik\u00e4\u00e4 eli jokaiselle osalle omansa, joten sill\u00e4 voi soittaa yht\u00e4, kahta tai kaikkia kolmea osaa yht\u00e4aikaisesti.<\/p>\n<p>&nbsp;<\/p>\n<p><strong>Suitable for beginners and experienced players.<\/strong> Huilu onkokoluokaltaan keskikokoinen ja se sopii erinomaisesti kaikille soittajille. Yksi parhaiten sopivimmista s\u00e4vellajeista ensimm\u00e4iseksi huiluksi helpon soitettavuuden ja ergonomian puolesta.<\/p>\n<p>&nbsp;<\/p>\n<p><strong>Crafted from selected materials.<\/strong> We always use only luthier dry lumber on our flutes. Flute is made of Finnish birch.  A high-quality and durable leather strap binds the bird tightly in position.<\/p>\n<p>&nbsp;<\/p>\n<p><strong>Includes manual with instructions for playing, care and maintenance.<\/strong> The manual contains all the essentials about playing beginnings and flute caring. Pictured instructions for finger placements, notes and different scales. NOTE! Flute doesn't come with a bag. Flute bag is sold separately. <a href=\"https:\/\/mikamaa.fi\/en\/product\/huilupussi\/\">Move to product page of the flute bag here --&gt;<\/a><\/p>\n<p>&nbsp;<\/p>\n<p><strong><u>Specs:<\/u><\/strong><\/p>\n<p>&nbsp;<\/p>\n<ul>\n<li><strong>Key:<\/strong> A4<\/li>\n<li><strong>Tuning:<\/strong> Pentatonic minor (440hz)<\/li>\n<li><strong>Style:<\/strong> Triple drone<\/li>\n<li><strong>Woods:<\/strong> Birch<\/li>\n<li><strong>Finish:<\/strong> Oil wax, Carnauba wax polish<\/li>\n<li><strong>Inner diameter:<\/strong> 19 mm \/ 3\/4&#8243;<\/li>\n<\/ul>\n<p>&nbsp;<\/p>\n<p><strong><u>Ergonomics:<\/u><\/strong><\/p>\n<p>&nbsp;<\/p>\n<ul>\n<li><strong>Total length of the flute:<\/strong> 46 cm<\/li>\n<li><strong>Distance from the blowing end to the top finger hole:<\/strong> 21 cm<\/li>\n<li><strong>Distance between the top and bottom finger holes:<\/strong> 13,5 cm<\/li>\n<li><strong>Largest finger hole diameter:<\/strong> 8,5 mm (3. reik\u00e4)<\/li>\n<li><strong>Largest distance between finger holes for one hand:<\/strong> 25 mm (2.-3. reik\u00e4)<\/li>\n<\/ul>\n<p>&nbsp;<\/p>\n<p><strong>Sound sample with reverb effect:<\/strong><\/p>\n<audio class=\"wp-audio-shortcode\" id=\"audio-5976-1\" preload=\"none\" style=\"width: 100%;\" controls=\"controls\"><source type=\"audio\/mpeg\" src=\"https:\/\/mikamaa.fi\/wp-content\/uploads\/2025\/10\/A4_440hz_tripledrone_pentatoninenmolli_FX.mp3?_=1\" \/><a href=\"https:\/\/mikamaa.fi\/wp-content\/uploads\/2025\/10\/A4_440hz_tripledrone_pentatoninenmolli_FX.mp3\">https:\/\/mikamaa.fi\/wp-content\/uploads\/2025\/10\/A4_440hz_tripledrone_pentatoninenmolli_FX.mp3<\/a><\/audio>\n<p>&nbsp;<\/p>\n<p><strong>Sound sample without effects (dry):<\/strong><\/p>\n<audio class=\"wp-audio-shortcode\" id=\"audio-5976-2\" preload=\"none\" style=\"width: 100%;\" controls=\"controls\"><source type=\"audio\/mpeg\" src=\"https:\/\/mikamaa.fi\/wp-content\/uploads\/2025\/10\/A4_440hz_tripledrone_pentatoninenmolli_DRY.mp3?_=2\" \/><a href=\"https:\/\/mikamaa.fi\/wp-content\/uploads\/2025\/10\/A4_440hz_tripledrone_pentatoninenmolli_DRY.mp3\">https:\/\/mikamaa.fi\/wp-content\/uploads\/2025\/10\/A4_440hz_tripledrone_pentatoninenmolli_DRY.mp3<\/a><\/audio>\n<p>&nbsp;<\/p>\n<hr \/>\n<p>&nbsp;<\/p>","protected":false},"excerpt":{"rendered":"<p><span style=\"color: #74a84a;\">IN STOCK<\/span><\/p>","protected":false},"featured_media":5986,"template":"","meta":{"inline_featured_image":false,"site-sidebar-layout":"default","site-content-layout":"","ast-site-content-layout":"default","site-content-style":"default","site-sidebar-style":"default","ast-global-header-display":"","ast-banner-title-visibility":"","ast-main-header-display":"","ast-hfb-above-header-display":"","ast-hfb-below-header-display":"","ast-hfb-mobile-header-display":"","site-post-title":"","ast-breadcrumbs-content":"","ast-featured-img":"","footer-sml-layout":"","ast-disable-related-posts":"","theme-transparent-header-meta":"disabled","adv-header-id-meta":"","stick-header-meta":"","header-above-stick-meta":"","header-main-stick-meta":"","header-below-stick-meta":"","astra-migrate-meta-layouts":"set","ast-page-background-enabled":"default","ast-page-background-meta":{"desktop":{"background-color":"var(--ast-global-color-4)","background-image":"","background-repeat":"repeat","background-position":"center center","background-size":"auto","background-attachment":"scroll","background-type":"","background-media":"","overlay-type":"","overlay-color":"","overlay-opacity":"","overlay-gradient":""},"tablet":{"background-color":"","background-image":"","background-repeat":"repeat","background-position":"center center","background-size":"auto","background-attachment":"scroll","background-type":"","background-media":"","overlay-type":"","overlay-color":"","overlay-opacity":"","overlay-gradient":""},"mobile":{"background-color":"","background-image":"","background-repeat":"repeat","background-position":"center center","background-size":"auto","background-attachment":"scroll","background-type":"","background-media":"","overlay-type":"","overlay-color":"","overlay-opacity":"","overlay-gradient":""}},"ast-content-background-meta":{"desktop":{"background-color":"var(--ast-global-color-5)","background-image":"","background-repeat":"repeat","background-position":"center center","background-size":"auto","background-attachment":"scroll","background-type":"","background-media":"","overlay-type":"","overlay-color":"","overlay-opacity":"","overlay-gradient":""},"tablet":{"background-color":"var(--ast-global-color-5)","background-image":"","background-repeat":"repeat","background-position":"center center","background-size":"auto","background-attachment":"scroll","background-type":"","background-media":"","overlay-type":"","overlay-color":"","overlay-opacity":"","overlay-gradient":""},"mobile":{"background-color":"var(--ast-global-color-5)","background-image":"","background-repeat":"repeat","background-position":"center center","background-size":"auto","background-attachment":"scroll","background-type":"","background-media":"","overlay-type":"","overlay-color":"","overlay-opacity":"","overlay-gradient":""}}},"product_brand":[],"product_cat":[67,70],"product_tag":[60],"class_list":{"0":"post-5976","1":"product","2":"type-product","3":"status-publish","4":"has-post-thumbnail","6":"product_cat-heti-saatavilla","7":"product_cat-triple-drone","8":"product_tag-in-stock","9":"product_shipping_class-max-60cm","10":"desktop-align-center","11":"tablet-align-center","12":"mobile-align-center","14":"first","15":"instock","16":"sale","17":"taxable","18":"shipping-taxable","19":"purchasable","20":"product-type-simple"},"yoast_head":"<!-- This site is optimized with the Yoast SEO plugin v27.4 - https:\/\/yoast.com\/product\/yoast-seo-wordpress\/ -->\n<title>A4 s\u00e4vellajin Natiivihuilu triple drone &#8226; www.mikamaa.fi<\/title>\n<meta name=\"description\" content=\"Triple drone tyylin Natiiviamerikkalainen huilu A4 s\u00e4vellajissa. Huilussa on kolme soivaa osaa: melodia, drone ja harmonia.\" \/>\n<meta name=\"robots\" content=\"index, follow, max-snippet:-1, max-image-preview:large, max-video-preview:-1\" \/>\n<link rel=\"canonical\" href=\"https:\/\/mikamaa.fi\/en\/product\/a4-savellajin-natiivihuilu-triple-drone\/\" \/>\n<meta property=\"og:locale\" content=\"en_US\" \/>\n<meta property=\"og:type\" content=\"article\" \/>\n<meta property=\"og:title\" content=\"A4 s\u00e4vellajin Natiivihuilu triple drone &#8226; www.mikamaa.fi\" \/>\n<meta property=\"og:description\" content=\"Triple drone tyylin Natiiviamerikkalainen huilu A4 s\u00e4vellajissa. Huilussa on kolme soivaa osaa: melodia, drone ja harmonia.\" \/>\n<meta property=\"og:url\" content=\"https:\/\/mikamaa.fi\/en\/product\/a4-savellajin-natiivihuilu-triple-drone\/\" \/>\n<meta property=\"og:site_name\" content=\"www.mikamaa.fi\" \/>\n<meta property=\"article:publisher\" content=\"https:\/\/www.facebook.com\/mikamaaflutes\/\" \/>\n<meta property=\"article:modified_time\" content=\"2026-04-21T16:00:19+00:00\" \/>\n<meta property=\"og:image\" content=\"https:\/\/mikamaa.fi\/wp-content\/uploads\/2025\/10\/A4_NAF_tripledrone_birch_pentatonicminor_1-2.jpg\" \/>\n\t<meta property=\"og:image:width\" content=\"1000\" \/>\n\t<meta property=\"og:image:height\" content=\"1000\" \/>\n\t<meta property=\"og:image:type\" content=\"image\/jpeg\" \/>\n<meta name=\"twitter:card\" content=\"summary_large_image\" \/>\n<meta name=\"twitter:label1\" content=\"Est. reading time\" \/>\n\t<meta name=\"twitter:data1\" content=\"2 minutes\" \/>\n<script type=\"application\/ld+json\" class=\"yoast-schema-graph\">{\"@context\":\"https:\\\/\\\/schema.org\",\"@graph\":[{\"@type\":\"WebPage\",\"@id\":\"https:\\\/\\\/mikamaa.fi\\\/tuote\\\/a4-savellajin-natiivihuilu-triple-drone\\\/\",\"url\":\"https:\\\/\\\/mikamaa.fi\\\/tuote\\\/a4-savellajin-natiivihuilu-triple-drone\\\/\",\"name\":\"A4 s\u00e4vellajin Natiivihuilu triple drone &#8226; www.mikamaa.fi\",\"isPartOf\":{\"@id\":\"https:\\\/\\\/mikamaa.fi\\\/#website\"},\"primaryImageOfPage\":{\"@id\":\"https:\\\/\\\/mikamaa.fi\\\/tuote\\\/a4-savellajin-natiivihuilu-triple-drone\\\/#primaryimage\"},\"image\":{\"@id\":\"https:\\\/\\\/mikamaa.fi\\\/tuote\\\/a4-savellajin-natiivihuilu-triple-drone\\\/#primaryimage\"},\"thumbnailUrl\":\"https:\\\/\\\/mikamaa.fi\\\/wp-content\\\/uploads\\\/2025\\\/10\\\/A4_NAF_tripledrone_birch_pentatonicminor_1-2.jpg\",\"datePublished\":\"2025-10-07T07:49:17+00:00\",\"dateModified\":\"2026-04-21T16:00:19+00:00\",\"description\":\"Triple drone tyylin Natiiviamerikkalainen huilu A4 s\u00e4vellajissa. Huilussa on kolme soivaa osaa: melodia, drone ja harmonia.\",\"breadcrumb\":{\"@id\":\"https:\\\/\\\/mikamaa.fi\\\/tuote\\\/a4-savellajin-natiivihuilu-triple-drone\\\/#breadcrumb\"},\"inLanguage\":\"en-US\",\"potentialAction\":[{\"@type\":\"ReadAction\",\"target\":[\"https:\\\/\\\/mikamaa.fi\\\/tuote\\\/a4-savellajin-natiivihuilu-triple-drone\\\/\"]}]},{\"@type\":\"ImageObject\",\"inLanguage\":\"en-US\",\"@id\":\"https:\\\/\\\/mikamaa.fi\\\/tuote\\\/a4-savellajin-natiivihuilu-triple-drone\\\/#primaryimage\",\"url\":\"https:\\\/\\\/mikamaa.fi\\\/wp-content\\\/uploads\\\/2025\\\/10\\\/A4_NAF_tripledrone_birch_pentatonicminor_1-2.jpg\",\"contentUrl\":\"https:\\\/\\\/mikamaa.fi\\\/wp-content\\\/uploads\\\/2025\\\/10\\\/A4_NAF_tripledrone_birch_pentatonicminor_1-2.jpg\",\"width\":1000,\"height\":1000},{\"@type\":\"BreadcrumbList\",\"@id\":\"https:\\\/\\\/mikamaa.fi\\\/tuote\\\/a4-savellajin-natiivihuilu-triple-drone\\\/#breadcrumb\",\"itemListElement\":[{\"@type\":\"ListItem\",\"position\":1,\"name\":\"Home\",\"item\":\"https:\\\/\\\/mikamaa.fi\\\/\"},{\"@type\":\"ListItem\",\"position\":2,\"name\":\"Kauppa\",\"item\":\"https:\\\/\\\/mikamaa.fi\\\/kauppa\\\/\"},{\"@type\":\"ListItem\",\"position\":3,\"name\":\"A4 s\u00e4vellajin Natiivihuilu triple drone\"}]},{\"@type\":\"WebSite\",\"@id\":\"https:\\\/\\\/mikamaa.fi\\\/#website\",\"url\":\"https:\\\/\\\/mikamaa.fi\\\/\",\"name\":\"www.mikamaa.fi\",\"description\":\"Woodwinds &amp; Handcrafts\",\"publisher\":{\"@id\":\"https:\\\/\\\/mikamaa.fi\\\/#organization\"},\"potentialAction\":[{\"@type\":\"SearchAction\",\"target\":{\"@type\":\"EntryPoint\",\"urlTemplate\":\"https:\\\/\\\/mikamaa.fi\\\/?s={search_term_string}\"},\"query-input\":{\"@type\":\"PropertyValueSpecification\",\"valueRequired\":true,\"valueName\":\"search_term_string\"}}],\"inLanguage\":\"en-US\"},{\"@type\":\"Organization\",\"@id\":\"https:\\\/\\\/mikamaa.fi\\\/#organization\",\"name\":\"www.mikamaa.fi\",\"url\":\"https:\\\/\\\/mikamaa.fi\\\/\",\"logo\":{\"@type\":\"ImageObject\",\"inLanguage\":\"en-US\",\"@id\":\"https:\\\/\\\/mikamaa.fi\\\/#\\\/schema\\\/logo\\\/image\\\/\",\"url\":\"https:\\\/\\\/mikamaa.fi\\\/wp-content\\\/uploads\\\/2024\\\/05\\\/MG_9608-scaled.jpg\",\"contentUrl\":\"https:\\\/\\\/mikamaa.fi\\\/wp-content\\\/uploads\\\/2024\\\/05\\\/MG_9608-scaled.jpg\",\"width\":2560,\"height\":2560,\"caption\":\"www.mikamaa.fi\"},\"image\":{\"@id\":\"https:\\\/\\\/mikamaa.fi\\\/#\\\/schema\\\/logo\\\/image\\\/\"},\"sameAs\":[\"https:\\\/\\\/www.facebook.com\\\/mikamaaflutes\\\/\",\"https:\\\/\\\/www.instagram.com\\\/mikamaaflutes\\\/\",\"https:\\\/\\\/www.youtube.com\\\/channel\\\/UC7s-o815hfSp1q_IYa_HigA\",\"https:\\\/\\\/www.tiktok.com\\\/@mikamaaflutes\"]}]}<\/script>\n<!-- \/ Yoast SEO plugin. -->","yoast_head_json":{"title":"A4 s\u00e4vellajin Natiivihuilu triple drone &#8226; www.mikamaa.fi","description":"Triple drone tyylin Natiiviamerikkalainen huilu A4 s\u00e4vellajissa. Huilussa on kolme soivaa osaa: melodia, drone ja harmonia.","robots":{"index":"index","follow":"follow","max-snippet":"max-snippet:-1","max-image-preview":"max-image-preview:large","max-video-preview":"max-video-preview:-1"},"canonical":"https:\/\/mikamaa.fi\/en\/product\/a4-savellajin-natiivihuilu-triple-drone\/","og_locale":"en_US","og_type":"article","og_title":"A4 s\u00e4vellajin Natiivihuilu triple drone &#8226; www.mikamaa.fi","og_description":"Triple drone tyylin Natiiviamerikkalainen huilu A4 s\u00e4vellajissa. Huilussa on kolme soivaa osaa: melodia, drone ja harmonia.","og_url":"https:\/\/mikamaa.fi\/en\/product\/a4-savellajin-natiivihuilu-triple-drone\/","og_site_name":"www.mikamaa.fi","article_publisher":"https:\/\/www.facebook.com\/mikamaaflutes\/","article_modified_time":"2026-04-21T16:00:19+00:00","og_image":[{"width":1000,"height":1000,"url":"https:\/\/mikamaa.fi\/wp-content\/uploads\/2025\/10\/A4_NAF_tripledrone_birch_pentatonicminor_1-2.jpg","type":"image\/jpeg"}],"twitter_card":"summary_large_image","twitter_misc":{"Est. reading time":"2 minutes"},"schema":{"@context":"https:\/\/schema.org","@graph":[{"@type":"WebPage","@id":"https:\/\/mikamaa.fi\/tuote\/a4-savellajin-natiivihuilu-triple-drone\/","url":"https:\/\/mikamaa.fi\/tuote\/a4-savellajin-natiivihuilu-triple-drone\/","name":"A4 s\u00e4vellajin Natiivihuilu triple drone &#8226; www.mikamaa.fi","isPartOf":{"@id":"https:\/\/mikamaa.fi\/#website"},"primaryImageOfPage":{"@id":"https:\/\/mikamaa.fi\/tuote\/a4-savellajin-natiivihuilu-triple-drone\/#primaryimage"},"image":{"@id":"https:\/\/mikamaa.fi\/tuote\/a4-savellajin-natiivihuilu-triple-drone\/#primaryimage"},"thumbnailUrl":"https:\/\/mikamaa.fi\/wp-content\/uploads\/2025\/10\/A4_NAF_tripledrone_birch_pentatonicminor_1-2.jpg","datePublished":"2025-10-07T07:49:17+00:00","dateModified":"2026-04-21T16:00:19+00:00","description":"Triple drone tyylin Natiiviamerikkalainen huilu A4 s\u00e4vellajissa. Huilussa on kolme soivaa osaa: melodia, drone ja harmonia.","breadcrumb":{"@id":"https:\/\/mikamaa.fi\/tuote\/a4-savellajin-natiivihuilu-triple-drone\/#breadcrumb"},"inLanguage":"en-US","potentialAction":[{"@type":"ReadAction","target":["https:\/\/mikamaa.fi\/tuote\/a4-savellajin-natiivihuilu-triple-drone\/"]}]},{"@type":"ImageObject","inLanguage":"en-US","@id":"https:\/\/mikamaa.fi\/tuote\/a4-savellajin-natiivihuilu-triple-drone\/#primaryimage","url":"https:\/\/mikamaa.fi\/wp-content\/uploads\/2025\/10\/A4_NAF_tripledrone_birch_pentatonicminor_1-2.jpg","contentUrl":"https:\/\/mikamaa.fi\/wp-content\/uploads\/2025\/10\/A4_NAF_tripledrone_birch_pentatonicminor_1-2.jpg","width":1000,"height":1000},{"@type":"BreadcrumbList","@id":"https:\/\/mikamaa.fi\/tuote\/a4-savellajin-natiivihuilu-triple-drone\/#breadcrumb","itemListElement":[{"@type":"ListItem","position":1,"name":"Home","item":"https:\/\/mikamaa.fi\/"},{"@type":"ListItem","position":2,"name":"Kauppa","item":"https:\/\/mikamaa.fi\/kauppa\/"},{"@type":"ListItem","position":3,"name":"A4 s\u00e4vellajin Natiivihuilu triple drone"}]},{"@type":"WebSite","@id":"https:\/\/mikamaa.fi\/#website","url":"https:\/\/mikamaa.fi\/","name":"www.mikamaa.fi","description":"Woodwinds &amp; Handcrafts","publisher":{"@id":"https:\/\/mikamaa.fi\/#organization"},"potentialAction":[{"@type":"SearchAction","target":{"@type":"EntryPoint","urlTemplate":"https:\/\/mikamaa.fi\/?s={search_term_string}"},"query-input":{"@type":"PropertyValueSpecification","valueRequired":true,"valueName":"search_term_string"}}],"inLanguage":"en-US"},{"@type":"Organization","@id":"https:\/\/mikamaa.fi\/#organization","name":"www.mikamaa.fi","url":"https:\/\/mikamaa.fi\/","logo":{"@type":"ImageObject","inLanguage":"en-US","@id":"https:\/\/mikamaa.fi\/#\/schema\/logo\/image\/","url":"https:\/\/mikamaa.fi\/wp-content\/uploads\/2024\/05\/MG_9608-scaled.jpg","contentUrl":"https:\/\/mikamaa.fi\/wp-content\/uploads\/2024\/05\/MG_9608-scaled.jpg","width":2560,"height":2560,"caption":"www.mikamaa.fi"},"image":{"@id":"https:\/\/mikamaa.fi\/#\/schema\/logo\/image\/"},"sameAs":["https:\/\/www.facebook.com\/mikamaaflutes\/","https:\/\/www.instagram.com\/mikamaaflutes\/","https:\/\/www.youtube.com\/channel\/UC7s-o815hfSp1q_IYa_HigA","https:\/\/www.tiktok.com\/@mikamaaflutes"]}]}},"_links":{"self":[{"href":"https:\/\/mikamaa.fi\/en\/wp-json\/wp\/v2\/product\/5976","targetHints":{"allow":["GET"]}}],"collection":[{"href":"https:\/\/mikamaa.fi\/en\/wp-json\/wp\/v2\/product"}],"about":[{"href":"https:\/\/mikamaa.fi\/en\/wp-json\/wp\/v2\/types\/product"}],"version-history":[{"count":3,"href":"https:\/\/mikamaa.fi\/en\/wp-json\/wp\/v2\/product\/5976\/revisions"}],"predecessor-version":[{"id":5998,"href":"https:\/\/mikamaa.fi\/en\/wp-json\/wp\/v2\/product\/5976\/revisions\/5998"}],"wp:featuredmedia":[{"embeddable":true,"href":"https:\/\/mikamaa.fi\/en\/wp-json\/wp\/v2\/media\/5986"}],"wp:attachment":[{"href":"https:\/\/mikamaa.fi\/en\/wp-json\/wp\/v2\/media?parent=5976"}],"wp:term":[{"taxonomy":"product_brand","embeddable":true,"href":"https:\/\/mikamaa.fi\/en\/wp-json\/wp\/v2\/product_brand?post=5976"},{"taxonomy":"product_cat","embeddable":true,"href":"https:\/\/mikamaa.fi\/en\/wp-json\/wp\/v2\/product_cat?post=5976"},{"taxonomy":"product_tag","embeddable":true,"href":"https:\/\/mikamaa.fi\/en\/wp-json\/wp\/v2\/product_tag?post=5976"}],"curies":[{"name":"wp","href":"https:\/\/api.w.org\/{rel}","templated":true}]}}